{"id":2410,"date":"2020-03-12T09:52:08","date_gmt":"2020-03-12T12:52:08","guid":{"rendered":"https:\/\/www.elleve.ind.br\/?page_id=2410"},"modified":"2024-10-09T11:43:48","modified_gmt":"2024-10-09T14:43:48","slug":"sobre","status":"publish","type":"page","link":"https:\/\/www.elleve.ind.br\/es\/sobre\/","title":{"rendered":"Sobre"},"content":{"rendered":"<div class=\"wpb-content-wrapper\"><p>[vc_row full_width=\u00bbstretch_row_content_no_spaces\u00bb][vc_column]\n\t\t\t<!-- START Cab Sobre REVOLUTION SLIDER 6.7.29 --><p class=\"rs-p-wp-fix\"><\/p>\n\t\t\t<rs-module-wrap id=\"rev_slider_11_1_wrapper\" data-source=\"gallery\" style=\"visibility:hidden;background:transparent;padding:0;margin:0px auto;margin-top:0;margin-bottom:0;\">\n\t\t\t\t<rs-module id=\"rev_slider_11_1\" style=\"\" data-version=\"6.7.29\">\n\t\t\t\t\t<rs-slides style=\"overflow: hidden; position: absolute;\">\n\t\t\t\t\t\t<rs-slide style=\"position: absolute;\" data-key=\"rs-36\" data-title=\"Slide\" data-anim=\"ms:600;r:0;\" data-in=\"o:0;\" data-out=\"a:false;\">\n\t\t\t\t\t\t\t<img decoding=\"async\" src=\"\/\/www.elleve.ind.br\/wp-content\/plugins\/revslider\/sr6\/assets\/assets\/dummy.png\" alt=\"Slide\" title=\"Sobre\" class=\"rev-slidebg tp-rs-img rs-lazyload\" data-lazyload=\"\/\/www.elleve.ind.br\/wp-content\/plugins\/revslider\/sr6\/assets\/assets\/transparent.png\" data-no-retina>\n<!--\n\t\t\t\t\t\t\t--><rs-layer\n\t\t\t\t\t\t\t\tid=\"slider-11-slide-36-layer-2\" \n\t\t\t\t\t\t\t\tclass=\"tp-shape tp-shapewrapper\"\n\t\t\t\t\t\t\t\tdata-type=\"shape\"\n\t\t\t\t\t\t\t\tdata-rsp_ch=\"on\"\n\t\t\t\t\t\t\t\tdata-xy=\"xo:876px;yo:194px;\"\n\t\t\t\t\t\t\t\tdata-text=\"a:inherit;\"\n\t\t\t\t\t\t\t\tdata-dim=\"w:200px;h:200px;\"\n\t\t\t\t\t\t\t\tdata-border=\"bos:solid;boc:#ffffff;bow:0px,3px,3px,0px;\"\n\t\t\t\t\t\t\t\tdata-frame_0=\"tp:600;\"\n\t\t\t\t\t\t\t\tdata-frame_1=\"tp:600;sR:10;\"\n\t\t\t\t\t\t\t\tdata-frame_999=\"o:0;tp:600;st:w;sR:8690;\"\n\t\t\t\t\t\t\t\tstyle=\"z-index:7;background-color:rgba(0,0,0,0);\"\n\t\t\t\t\t\t\t> \n\t\t\t\t\t\t\t<\/rs-layer><!--\n\n\t\t\t\t\t\t\t--><rs-layer\n\t\t\t\t\t\t\t\tid=\"slider-11-slide-36-layer-3\" \n\t\t\t\t\t\t\t\tdata-type=\"text\"\n\t\t\t\t\t\t\t\tdata-rsp_ch=\"on\"\n\t\t\t\t\t\t\t\tdata-xy=\"xo:880px;yo:284px;\"\n\t\t\t\t\t\t\t\tdata-text=\"s:25;fw:300;a:inherit;\"\n\t\t\t\t\t\t\t\tdata-frame_0=\"tp:600;\"\n\t\t\t\t\t\t\t\tdata-frame_1=\"tp:600;sR:10;\"\n\t\t\t\t\t\t\t\tdata-frame_999=\"o:0;tp:600;st:w;sR:8690;\"\n\t\t\t\t\t\t\t\tstyle=\"z-index:8;font-family:'Open Sans';\"\n\t\t\t\t\t\t\t>Sobre a Elleve \n\t\t\t\t\t\t\t<\/rs-layer><!--\n\n\t\t\t\t\t\t\t--><rs-layer\n\t\t\t\t\t\t\t\tid=\"slider-11-slide-36-layer-4\" \n\t\t\t\t\t\t\t\tdata-type=\"text\"\n\t\t\t\t\t\t\t\tdata-color=\"#5a2f79\"\n\t\t\t\t\t\t\t\tdata-rsp_ch=\"on\"\n\t\t\t\t\t\t\t\tdata-xy=\"xo:1143px;yo:131px;\"\n\t\t\t\t\t\t\t\tdata-text=\"s:25;fw:300;a:inherit;\"\n\t\t\t\t\t\t\t\tdata-frame_0=\"tp:600;\"\n\t\t\t\t\t\t\t\tdata-frame_1=\"tp:600;sR:10;\"\n\t\t\t\t\t\t\t\tdata-frame_999=\"o:0;tp:600;st:w;sR:8690;\"\n\t\t\t\t\t\t\t\tstyle=\"z-index:9;font-family:'Open Sans';\"\n\t\t\t\t\t\t\t>Elleve cada<br>\nambiente \n\t\t\t\t\t\t\t<\/rs-layer><!--\n\n\t\t\t\t\t\t\t--><rs-layer\n\t\t\t\t\t\t\t\tid=\"slider-11-slide-36-layer-5\" \n\t\t\t\t\t\t\t\tdata-type=\"image\"\n\t\t\t\t\t\t\t\tdata-rsp_ch=\"on\"\n\t\t\t\t\t\t\t\tdata-xy=\"x:c;\"\n\t\t\t\t\t\t\t\tdata-text=\"l:22;a:inherit;\"\n\t\t\t\t\t\t\t\tdata-dim=\"w:[&#039;1920px&#039;,&#039;1920px&#039;,&#039;1920px&#039;,&#039;1920px&#039;];h:[&#039;585px&#039;,&#039;585px&#039;,&#039;585px&#039;,&#039;585px&#039;];\"\n\t\t\t\t\t\t\t\tdata-frame_0=\"tp:600;\"\n\t\t\t\t\t\t\t\tdata-frame_1=\"tp:600;sR:10;\"\n\t\t\t\t\t\t\t\tdata-frame_999=\"o:0;tp:600;st:w;sR:8690;\"\n\t\t\t\t\t\t\t\tstyle=\"z-index:6;\"\n\t\t\t\t\t\t\t><img decoding=\"async\" src=\"\/\/www.elleve.ind.br\/wp-content\/plugins\/revslider\/sr6\/assets\/assets\/dummy.png\" alt=\"\" class=\"tp-rs-img rs-lazyload\" width=\"1920\" height=\"585\" data-lazyload=\"\/\/www.elleve.ind.br\/wp-content\/uploads\/2020\/01\/fundo-cab-sobre.jpg\" data-no-retina> \n\t\t\t\t\t\t\t<\/rs-layer><!--\n-->\t\t\t\t\t<\/rs-slide>\n\t\t\t\t\t<\/rs-slides>\n\t\t\t\t<\/rs-module>\n\t\t\t\t<script>\n\t\t\t\t\tsetREVStartSize({c: 'rev_slider_11_1',rl:[1240,1240,1240,480],el:[585,585,585,720],gw:[1240,1240,1240,480],gh:[585,585,585,720],type:'hero',justify:'',layout:'fullwidth',mh:\"0\"});if (window.RS_MODULES!==undefined && window.RS_MODULES.modules!==undefined && window.RS_MODULES.modules[\"revslider111\"]!==undefined) {window.RS_MODULES.modules[\"revslider111\"].once = false;window.revapi11 = undefined;if (window.RS_MODULES.checkMinimal!==undefined) window.RS_MODULES.checkMinimal()}\n\t\t\t\t<\/script>\n\t\t\t<\/rs-module-wrap>\n\t\t\t<!-- END REVOLUTION SLIDER -->\n[\/vc_column][\/vc_row][vc_row css=\u00bb.vc_custom_1578677394859{padding-bottom: 40px !important;}\u00bb][vc_column width=\u00bb1\/2&#8243;][vc_custom_heading text=\u00bbRedefinimos las nociones de alto patr\u00f3n\u00bb font_container=\u00bbtag:p|font_size:25px|text_align:left|color:%236b6661|line_height:30px\u00bb use_theme_fonts=\u00bbyes\u00bb][vc_separator color=\u00bbcustom\u00bb align=\u00bbalign_left\u00bb border_width=\u00bb3&#8243; el_width=\u00bb10&#8243; css=\u00bb.vc_custom_1578676486221{padding-top: 40px !important;padding-bottom: 30px !important;}\u00bb accent_color=\u00bb#5a2f79&#8243;][vc_column_text]Adem\u00e1s de la belleza, entendemos muy bien la influencia de espacios bien proyectados para el bienestar de las personas.<\/p>\n<p>Elleve atende muy bien los proyectos m\u00e1s exigentes a los gustos m\u00e1s refinados, aumentando la experiencia de la persona con su espacio, con mucho lujo y estilo.<\/p>\n<p>Por eso hemos lanzado un producto original e innovador en el mercado. Hemos redefinido el concepto de rejillas em los espacios.<\/p>\n<p>Creamos y desarrollamos el m\u00e1s alto nivel en rejillas. El patr\u00f3n que mereces y quieres y quieres.[\/vc_column_text][vc_btn title=\u00bbProductos\u00bb style=\u00bbcustom\u00bb custom_background=\u00bb#5a2f79&#8243; custom_text=\u00bb#ffffff\u00bb shape=\u00bbsquare\u00bb align=\u00bbleft\u00bb link=\u00bburl:%2Fes%2Fprodutos|||\u00bb][\/vc_column][vc_column width=\u00bb1\/2&#8243;][vc_single_image image=\u00bb1854&#8243; img_size=\u00bbfull\u00bb css=\u00bb.vc_custom_1578676528512{padding-bottom: 50px !important;}\u00bb][vc_custom_heading text=\u00bbEl Grupo Krona\u00bb font_container=\u00bbtag:p|font_size:25px|text_align:left|color:%236b6661|line_height:30px\u00bb use_theme_fonts=\u00bbyes\u00bb css=\u00bb\u00bb][vc_separator color=\u00bbcustom\u00bb align=\u00bbalign_left\u00bb border_width=\u00bb3&#8243; el_width=\u00bb10&#8243; css=\u00bb.vc_custom_1578676486221{padding-top: 40px !important;padding-bottom: 30px !important;}\u00bb accent_color=\u00bb#5a2f79&#8243;][vc_column_text css=\u00bb\u00bb]El Grupo Krona es una de las principales empresas brasile\u00f1as de productos para los sectores de la construcci\u00f3n civil, decoraci\u00f3n y agr\u00edcola. Propietario de las marcas Krona Tubos y Conexiones, Viqua, Ralo Linear Elleve, Novii y Top-Max, cuenta con ocho unidades fabriles en Brasil y est\u00e1 presente en m\u00e1s de 100.000 puntos de venta directos e indirectos, agregando competitividad a sus socios. Su portafolio tiene, en total, m\u00e1s de 2.500 productos, enfocados en agua fr\u00eda, agua caliente, alcantarillado, desag\u00fces lineales, electricidad, accesorios, sistemas de drenaje y riego. Adem\u00e1s de sus marcas comerciales, la organizaci\u00f3n tambi\u00e9n es responsable del Instituto Krona, que atiende a la comunidad interna y externa con proyectos de educaci\u00f3n, cultura, deporte, inclusi\u00f3n de personas con discapacidad e iniciativas de gesti\u00f3n de agua y saneamiento.[\/vc_column_text][\/vc_column][\/vc_row][vc_row full_width=\u00bbstretch_row\u00bb css=\u00bb.vc_custom_1578677550876{padding-top: 40px !important;padding-bottom: 40px !important;background-color: #f6f4f1 !important;}\u00bb][vc_column][vc_custom_heading text=\u00bbPara espacios que requieren<br \/>\nnada menos que lo mejor.\u00bb font_container=\u00bbtag:p|font_size:20px|text_align:left|color:%236b6661|line_height:25px\u00bb use_theme_fonts=\u00bbyes\u00bb][vc_row_inner][vc_column_inner width=\u00bb1\/4&#8243;][vc_single_image image=\u00bb1861&#8243; img_size=\u00bbfull\u00bb css=\u00bb.vc_custom_1578677171888{padding-top: 30px !important;}\u00bb][vc_custom_heading text=\u00bbINTELIGENCIA<br \/>\nDE PRODUCTO\u00bb font_container=\u00bbtag:p|font_size:20px|text_align:left|color:%236b6661|line_height:25px\u00bb use_theme_fonts=\u00bbyes\u00bb][vc_separator color=\u00bbcustom\u00bb align=\u00bbalign_left\u00bb border_width=\u00bb3&#8243; el_width=\u00bb10&#8243; css=\u00bb.vc_custom_1578677259380{padding-top: 20px !important;}\u00bb accent_color=\u00bb#5a2f79&#8243;][vc_column_text]Desde el dise\u00f1o hasta el acabado. Todo en un desag\u00fce Elleve est\u00e1 pensado cuidadosamente para proporcionar la mejor experiencia. Desde la facilidad de instalaci\u00f3n hasta la comodidad y practicidad de la vida cotidiana. Nada se compara con una rejilla de Elleve.[\/vc_column_text][\/vc_column_inner][vc_column_inner width=\u00bb1\/4&#8243;][vc_single_image image=\u00bb1863&#8243; img_size=\u00bbfull\u00bb css=\u00bb.vc_custom_1578677321264{padding-top: 30px !important;}\u00bb][vc_custom_heading text=\u00bbCALIDAD POR<br \/>\nDENTRO Y FUERA\u00bb font_container=\u00bbtag:p|font_size:20px|text_align:left|color:%236b6661|line_height:25px\u00bb use_theme_fonts=\u00bbyes\u00bb][vc_separator color=\u00bbcustom\u00bb align=\u00bbalign_left\u00bb border_width=\u00bb3&#8243; el_width=\u00bb10&#8243; css=\u00bb.vc_custom_1578677259380{padding-top: 20px !important;}\u00bb accent_color=\u00bb#5a2f79&#8243;][vc_column_text]Elleve es simplemente lo mejor en calidad. La construcci\u00f3n robusta, los materiales nobles y los procesos de acabado refinado dan como resultado un producto hermoso con alta durabilidad.[\/vc_column_text][\/vc_column_inner][vc_column_inner width=\u00bb1\/4&#8243;][vc_single_image image=\u00bb1865&#8243; img_size=\u00bbfull\u00bb css=\u00bb.vc_custom_1578677329240{padding-top: 30px !important;}\u00bb][vc_custom_heading text=\u00bbDISE\u00d1O<br \/>\nPREMIO\u00bb font_container=\u00bbtag:p|font_size:20px|text_align:left|color:%236b6661|line_height:25px\u00bb use_theme_fonts=\u00bbyes\u00bb][vc_separator color=\u00bbcustom\u00bb align=\u00bbalign_left\u00bb border_width=\u00bb3&#8243; el_width=\u00bb10&#8243; css=\u00bb.vc_custom_1578677259380{padding-top: 20px !important;}\u00bb accent_color=\u00bb#5a2f79&#8243;][vc_column_text]Elleve dicta la tendencia en las rejillas. El dise\u00f1o premiado de los productos es un espect\u00e1culo aparte, lo que hace que la rejilla sea una obra de arte, armonizando perfectamente en cualquier espacio, agregando belleza, refinamiento y mucho estilo.[\/vc_column_text][\/vc_column_inner][vc_column_inner width=\u00bb1\/4&#8243;][\/vc_column_inner][\/vc_row_inner][\/vc_column][\/vc_row]<\/p>\n<\/div>","protected":false},"excerpt":{"rendered":"<p>[vc_row full_width=\u00bbstretch_row_content_no_spaces\u00bb][vc_column][\/vc_column][\/vc_row][vc_row css=\u00bb.vc_custom_1578677394859{padding-bottom: 40px !important;}\u00bb][vc_column width=\u00bb1\/2&#8243;][vc_custom_heading text=\u00bbRedefinimos las nociones de alto patr\u00f3n\u00bb font_container=\u00bbtag:p|font_size:25px|text_align:left|color:%236b6661|line_height:30px\u00bb use_theme_fonts=\u00bbyes\u00bb][vc_separator color=\u00bbcustom\u00bb align=\u00bbalign_left\u00bb border_width=\u00bb3&#8243; el_width=\u00bb10&#8243; css=\u00bb.vc_custom_1578676486221{padding-top: 40px !important;padding-bottom: 30px !important;}\u00bb accent_color=\u00bb#5a2f79&#8243;][vc_column_text]Adem\u00e1s de la belleza, entendemos muy bien la influencia de espacios bien proyectados para el bienestar de las personas. Elleve atende muy bien los proyectos m\u00e1s exigentes a los gustos m\u00e1s refinados,&hellip;<\/p>\n","protected":false},"author":1,"featured_media":0,"parent":0,"menu_order":0,"comment_status":"closed","ping_status":"closed","template":"template-microsite.php","meta":{"footnotes":""},"class_list":["post-2410","page","type-page","status-publish","hentry","description-off"],"_links":{"self":[{"href":"https:\/\/www.elleve.ind.br\/es\/wp-json\/wp\/v2\/pages\/2410","targetHints":{"allow":["GET"]}}],"collection":[{"href":"https:\/\/www.elleve.ind.br\/es\/wp-json\/wp\/v2\/pages"}],"about":[{"href":"https:\/\/www.elleve.ind.br\/es\/wp-json\/wp\/v2\/types\/page"}],"author":[{"embeddable":true,"href":"https:\/\/www.elleve.ind.br\/es\/wp-json\/wp\/v2\/users\/1"}],"replies":[{"embeddable":true,"href":"https:\/\/www.elleve.ind.br\/es\/wp-json\/wp\/v2\/comments?post=2410"}],"version-history":[{"count":10,"href":"https:\/\/www.elleve.ind.br\/es\/wp-json\/wp\/v2\/pages\/2410\/revisions"}],"predecessor-version":[{"id":4368,"href":"https:\/\/www.elleve.ind.br\/es\/wp-json\/wp\/v2\/pages\/2410\/revisions\/4368"}],"wp:attachment":[{"href":"https:\/\/www.elleve.ind.br\/es\/wp-json\/wp\/v2\/media?parent=2410"}],"curies":[{"name":"wp","href":"https:\/\/api.w.org\/{rel}","templated":true}]}}