{"id":2441,"date":"2020-03-12T10:25:18","date_gmt":"2020-03-12T13:25:18","guid":{"rendered":"https:\/\/www.elleve.ind.br\/?page_id=2441"},"modified":"2023-09-01T15:49:15","modified_gmt":"2023-09-01T18:49:15","slug":"tiny-line","status":"publish","type":"page","link":"https:\/\/www.elleve.ind.br\/es\/tiny-line\/","title":{"rendered":"Tiny"},"content":{"rendered":"<div class=\"wpb-content-wrapper\"><p>[vc_row full_width=\u00bbstretch_row_content_no_spaces\u00bb][vc_column][vc_single_image image=\u00bb2201&#8243; img_size=\u00bbfull\u00bb alignment=\u00bbcenter\u00bb][\/vc_column][\/vc_row][vc_row css=\u00bb.vc_custom_1579484253588{margin-top: 30px !important;}\u00bb][vc_column width=\u00bb1\/3&#8243;][vc_single_image image=\u00bb3386&#8243; img_size=\u00bbfull\u00bb][\/vc_column][vc_column width=\u00bb1\/3&#8243;][vc_custom_heading text=\u00bbCompacto, pr\u00e1ctico y seguro.\u00bb font_container=\u00bbtag:div|font_size:24px|text_align:right|color:%236b6661|line_height:30px\u00bb use_theme_fonts=\u00bbyes\u00bb][\/vc_column][vc_column width=\u00bb1\/3&#8243;][\/vc_column][\/vc_row][vc_row][vc_column width=\u00bb2\/3&#8243;][vc_separator color=\u00bbcustom\u00bb border_width=\u00bb3&#8243; accent_color=\u00bb#f6f4f1&#8243;][vc_row_inner][vc_column_inner width=\u00bb1\/4&#8243;][vc_column_text]<span style=\"color: #5a2f79;\">Ideal para ba\u00f1os, como rejilla de seguridad o para ba\u00f1o.<\/span>[\/vc_column_text][vc_single_image image=\u00bb1933&#8243; img_size=\u00bbfull\u00bb][vc_btn title=\u00bbEntre en Contacto\u00bb style=\u00bbcustom\u00bb custom_background=\u00bb#5a2f79&#8243; custom_text=\u00bb#ffffff\u00bb shape=\u00bbsquare\u00bb align=\u00bbleft\u00bb link=\u00bburl:%2Fcontato|||\u00bb][\/vc_column_inner][vc_column_inner width=\u00bb3\/4&#8243;]<div id=\"ult-carousel-386005006869ef93d4e482c\" class=\"ult-carousel-wrapper   ult_horizontal\" data-gutter=\"15\" data-rtl=\"false\" ><div class=\"ult-carousel-267543252169ef93d4e467a \" >[vc_single_image image=\u00bb2203&#8243; img_size=\u00bbfull\u00bb alignment=\u00bbcenter\u00bb][vc_single_image image=\u00bb2205&#8243; img_size=\u00bbfull\u00bb alignment=\u00bbcenter\u00bb][vc_single_image image=\u00bb2210&#8243; img_size=\u00bbfull\u00bb alignment=\u00bbcenter\u00bb][vc_single_image image=\u00bb2212&#8243; img_size=\u00bbfull\u00bb alignment=\u00bbcenter\u00bb][vc_single_image image=\u00bb3136&#8243; img_size=\u00bbfull\u00bb alignment=\u00bbcenter\u00bb][vc_single_image image=\u00bb2214&#8243; img_size=\u00bbfull\u00bb alignment=\u00bbcenter\u00bb][vc_single_image image=\u00bb3138&#8243; img_size=\u00bbfull\u00bb alignment=\u00bbcenter\u00bb][vc_single_image image=\u00bb2216&#8243; img_size=\u00bbfull\u00bb alignment=\u00bbcenter\u00bb][vc_single_image image=\u00bb2218&#8243; img_size=\u00bbfull\u00bb alignment=\u00bbcenter\u00bb]<\/div><\/div>\t\t\t<script type=\"text\/javascript\">\n\t\t\t\tjQuery(document).ready(function ($) {\n\t\t\t\t\tif( typeof jQuery('.ult-carousel-267543252169ef93d4e467a').slick == \"function\"){\n\t\t\t\t\t\t$('.ult-carousel-267543252169ef93d4e467a').slick({dots: true,autoplay: true,autoplaySpeed: \"5000\",speed: \"300\",infinite: true,arrows: false,slidesToScroll:1,slidesToShow:1,swipe: true,draggable: true,touchMove: true,pauseOnHover: true,pauseOnFocus: false,responsive: [\n\t\t\t\t\t\t\t{\n\t\t\t\t\t\t\t  breakpoint: 1026,\n\t\t\t\t\t\t\t  settings: {\n\t\t\t\t\t\t\t\tslidesToShow: 1,\n\t\t\t\t\t\t\t\tslidesToScroll: 1,  \n\t\t\t\t\t\t\t  }\n\t\t\t\t\t\t\t},\n\t\t\t\t\t\t\t{\n\t\t\t\t\t\t\t  breakpoint: 1025,\n\t\t\t\t\t\t\t  settings: {\n\t\t\t\t\t\t\t\tslidesToShow: 1,\n\t\t\t\t\t\t\t\tslidesToScroll: 1\n\t\t\t\t\t\t\t  }\n\t\t\t\t\t\t\t},\n\t\t\t\t\t\t\t{\n\t\t\t\t\t\t\t  breakpoint: 760,\n\t\t\t\t\t\t\t  settings: {\n\t\t\t\t\t\t\t\tslidesToShow: 1,\n\t\t\t\t\t\t\t\tslidesToScroll: 1\n\t\t\t\t\t\t\t  }\n\t\t\t\t\t\t\t}\n\t\t\t\t\t\t],pauseOnDotsHover: true,customPaging: function(slider, i) {\n                   return '<i type=\"button\" style= \"color:#5a2f79;\" class=\"ultsl-checkbox-partial\" data-role=\"none\"><\/i>';\n                },});\n\t\t\t\t\t}\n\t\t\t\t});\n\t\t\t<\/script>\n\t\t\t[\/vc_column_inner][\/vc_row_inner][\/vc_column][vc_column width=\u00bb1\/3&#8243;][vc_wp_custommenu nav_menu=\u00bb18&#8243;][\/vc_column][\/vc_row][vc_row full_width=\u00bbstretch_row\u00bb css=\u00bb.vc_custom_1579489339146{padding-top: 20px !important;padding-bottom: 20px !important;background-color: #f7f4f1 !important;}\u00bb][vc_column][vc_row_inner equal_height=\u00bbyes\u00bb][vc_column_inner width=\u00bb1\/4&#8243;][vc_column_text]\u2713 Opciones de acabado.[\/vc_column_text][vc_column_text]\u2713 Facilidad de instalaci\u00f3n.[\/vc_column_text][\/vc_column_inner][vc_column_inner width=\u00bb1\/4&#8243;][vc_column_text]\u2713 Solapa contra infiltraci\u00f3n.[\/vc_column_text][vc_column_text]\u2713 Menor espesor de la base: reduce cortes en la losa al momento de la instalaci\u00f3n.[\/vc_column_text][\/vc_column_inner][vc_column_inner width=\u00bb1\/4&#8243;][vc_column_text]\u2713 Opci\u00f3n de base y cubierta 100% en acero inoxidable 304.[\/vc_column_text][\/vc_column_inner][vc_column_inner width=\u00bb1\/4&#8243;][vc_single_image image=\u00bb2074&#8243; img_size=\u00bbfull\u00bb][\/vc_column_inner][\/vc_row_inner][\/vc_column][\/vc_row][vc_row css=\u00bb.vc_custom_1579486636803{margin-top: 10px !important;}\u00bb][vc_column][vc_custom_heading text=\u00bbM\u00e1s detalles del producto\u00bb font_container=\u00bbtag:div|font_size:24px|text_align:left|color:%236b6661|line_height:30px\u00bb use_theme_fonts=\u00bbyes\u00bb][vc_separator color=\u00bbcustom\u00bb border_width=\u00bb3&#8243; accent_color=\u00bb#f6f4f1&#8243; css=\u00bb.vc_custom_1579486629306{margin-top: 20px !important;}\u00bb][\/vc_column][\/vc_row][vc_row full_width=\u00bbstretch_row\u00bb gap=\u00bb10&#8243; equal_height=\u00bbyes\u00bb css=\u00bb.vc_custom_1579487571993{margin-right: 1px !important;margin-left: 1px !important;}\u00bb][vc_column width=\u00bb3\/4&#8243; css=\u00bb.vc_custom_1579486966526{border-top-width: 1px !important;border-right-width: 1px !important;border-bottom-width: 1px !important;border-left-width: 1px !important;border-left-color: #dbd9d7 !important;border-left-style: solid !important;border-right-color: #dbd9d7 !important;border-right-style: solid !important;border-top-color: #dbd9d7 !important;border-top-style: solid !important;border-bottom-color: #dbd9d7 !important;border-bottom-style: solid !important;}\u00bb][vc_custom_heading text=\u00bbOpciones de Tapa\u00bb font_container=\u00bbtag:div|font_size:20px|text_align:left|color:%235a2f79|line_height:24px\u00bb use_theme_fonts=\u00bbyes\u00bb css=\u00bb.vc_custom_1584102555811{padding-bottom: 20px !important;}\u00bb][vc_row_inner][vc_column_inner width=\u00bb1\/3&#8243;][vc_column_text]\u2713 Subtapa Oculta[\/vc_column_text][vc_column_text]\u2713 Acero Inoxidable Cepillado[\/vc_column_text][vc_column_text]\u2713 Acero Inoxidable Cepillado Perforado[\/vc_column_text][\/vc_column_inner][vc_column_inner width=\u00bb1\/3&#8243;][vc_column_text]\u2713 Gold[\/vc_column_text][vc_column_text]\u2713 Ros\u00e9 Gold[\/vc_column_text][vc_column_text]\u2713 Red Gold[\/vc_column_text][\/vc_column_inner][vc_column_inner width=\u00bb1\/3&#8243;][vc_column_text]\u2713 Black Matte[\/vc_column_text][vc_column_text]\u2713 Grafito[\/vc_column_text][\/vc_column_inner][\/vc_row_inner][\/vc_column][vc_column width=\u00bb1\/4&#8243; css=\u00bb.vc_custom_1579487156384{border-top-width: 1px !important;border-right-width: 1px !important;border-bottom-width: 1px !important;border-left-width: 1px !important;border-left-color: #dbd9d7 !important;border-left-style: solid !important;border-right-color: #dbd9d7 !important;border-right-style: solid !important;border-top-color: #dbd9d7 !important;border-top-style: solid !important;border-bottom-color: #dbd9d7 !important;border-bottom-style: solid !important;}\u00bb][vc_custom_heading text=\u00bbOpciones de Base\u00bb font_container=\u00bbtag:div|font_size:20px|text_align:left|color:%235a2f79|line_height:24px\u00bb use_theme_fonts=\u00bbyes\u00bb css=\u00bb.vc_custom_1584102692483{padding-bottom: 20px !important;}\u00bb][vc_column_text]\u2713 Acero Inoxidable 304 con Salida Lateral Vertical[\/vc_column_text][vc_column_text]\u2713 PVC con Salida Lateral Vertical[\/vc_column_text][\/vc_column][\/vc_row][vc_row full_width=\u00bbstretch_row\u00bb gap=\u00bb10&#8243; equal_height=\u00bbyes\u00bb css=\u00bb.vc_custom_1579487571993{margin-right: 1px !important;margin-left: 1px !important;}\u00bb][vc_column width=\u00bb1\/2&#8243; css=\u00bb.vc_custom_1579486966526{border-top-width: 1px !important;border-right-width: 1px !important;border-bottom-width: 1px !important;border-left-width: 1px !important;border-left-color: #dbd9d7 !important;border-left-style: solid !important;border-right-color: #dbd9d7 !important;border-right-style: solid !important;border-top-color: #dbd9d7 !important;border-top-style: solid !important;border-bottom-color: #dbd9d7 !important;border-bottom-style: solid !important;}\u00bb][vc_custom_heading text=\u00bbDimensiones\u00bb font_container=\u00bbtag:div|font_size:20px|text_align:left|color:%235a2f79|line_height:24px\u00bb use_theme_fonts=\u00bbyes\u00bb css=\u00bb.vc_custom_1584102750773{padding-bottom: 20px !important;}\u00bb][vc_column_text]<strong>Altura:<\/strong> 27mm base PVC y 22mm base Acero Inoxidable 304<br \/>\n<strong>Ancho:<\/strong> 77mm<br \/>\n<strong>Longitud: <\/strong>250mm[\/vc_column_text][\/vc_column][vc_column width=\u00bb1\/2&#8243; css=\u00bb.vc_custom_1579487156384{border-top-width: 1px !important;border-right-width: 1px !important;border-bottom-width: 1px !important;border-left-width: 1px !important;border-left-color: #dbd9d7 !important;border-left-style: solid !important;border-right-color: #dbd9d7 !important;border-right-style: solid !important;border-top-color: #dbd9d7 !important;border-top-style: solid !important;border-bottom-color: #dbd9d7 !important;border-bottom-style: solid !important;}\u00bb][vc_custom_heading text=\u00bbSugerencias de uso\u00bb font_container=\u00bbtag:div|font_size:20px|text_align:left|color:%235a2f79|line_height:24px\u00bb use_theme_fonts=\u00bbyes\u00bb css=\u00bb.vc_custom_1584102819591{padding-bottom: 20px !important;}\u00bb][vc_column_text]\u2713 Ba\u00f1os em general.[\/vc_column_text][\/vc_column][\/vc_row][vc_row full_width=\u00bbstretch_row\u00bb css=\u00bb.vc_custom_1579487599041{margin-top: 30px !important;}\u00bb][vc_column width=\u00bb1\/2&#8243;][vc_custom_heading text=\u00bbAccesorios que vienen con el producto:\u00bb font_container=\u00bbtag:div|font_size:24px|text_align:left|color:%236b6661|line_height:30px\u00bb use_theme_fonts=\u00bbyes\u00bb][vc_separator color=\u00bbcustom\u00bb border_width=\u00bb3&#8243; accent_color=\u00bb#f6f4f1&#8243; css=\u00bb.vc_custom_1579486629306{margin-top: 20px !important;}\u00bb][\/vc_column][vc_column width=\u00bb1\/2&#8243;][vc_custom_heading text=\u00bbAccesorios compatibles:\u00bb font_container=\u00bbtag:div|font_size:24px|text_align:left|color:%236b6661|line_height:30px\u00bb use_theme_fonts=\u00bbyes\u00bb][vc_separator color=\u00bbcustom\u00bb border_width=\u00bb3&#8243; accent_color=\u00bb#f6f4f1&#8243; css=\u00bb.vc_custom_1579486629306{margin-top: 20px !important;}\u00bb][\/vc_column][\/vc_row][vc_row full_width=\u00bbstretch_row\u00bb gap=\u00bb10&#8243; equal_height=\u00bbyes\u00bb css=\u00bb.vc_custom_1579488694329{margin-right: 1px !important;margin-left: 1px !important;}\u00bb][vc_column width=\u00bb1\/2&#8243; css=\u00bb.vc_custom_1579486728847{border-top-width: 1px !important;border-right-width: 1px !important;border-bottom-width: 1px !important;border-left-width: 1px !important;border-left-color: #dbd9d7 !important;border-left-style: solid !important;border-right-color: #dbd9d7 !important;border-right-style: solid !important;border-top-color: #dbd9d7 !important;border-top-style: solid !important;border-bottom-color: #dbd9d7 !important;border-bottom-style: solid !important;}\u00bb][vc_custom_heading text=\u00bbV\u00c1LVULA DE RETENCI\u00d3N\u00bb font_container=\u00bbtag:p|font_size:18px|text_align:left|color:%235a2f79|line_height:20px\u00bb google_fonts=\u00bbfont_family:Open%20Sans%3A300%2C300italic%2Cregular%2Citalic%2C600%2C600italic%2C700%2C700italic%2C800%2C800italic|font_style:700%20bold%20regular%3A700%3Anormal\u00bb css=\u00bb.vc_custom_1584102952621{margin-bottom: 0px !important;padding-bottom: 0px !important;}\u00bb][vc_row_inner gap=\u00bb10&#8243; css=\u00bb.vc_custom_1580302707370{margin-top: 0px !important;}\u00bb][vc_column_inner width=\u00bb1\/3&#8243; css=\u00bb.vc_custom_1580302381253{border-right-width: 0px !important;padding-right: 20px !important;}\u00bb][vc_single_image image=\u00bb2037&#8243; img_size=\u00bbfull\u00bb alignment=\u00bbcenter\u00bb][\/vc_column_inner][vc_column_inner width=\u00bb2\/3&#8243;][vc_column_text]V\u00e1lvula que abre solamente para el paso de agua y se cierra autom\u00e1tica-mente cuando el flujo termina, el sistema impide el retorno del agua y de los insectos del desag\u00fce.<\/p>\n<p>Con licencia del Grupo Linear\u00ae[\/vc_column_text][\/vc_column_inner][\/vc_row_inner][vc_empty_space height=\u00bb30px\u00bb][vc_custom_heading text=\u00bbREJILLA RETENEDORA\u00bb font_container=\u00bbtag:p|font_size:18px|text_align:left|color:%235a2f79|line_height:20px\u00bb google_fonts=\u00bbfont_family:Open%20Sans%3A300%2C300italic%2Cregular%2Citalic%2C600%2C600italic%2C700%2C700italic%2C800%2C800italic|font_style:700%20bold%20regular%3A700%3Anormal\u00bb css=\u00bb.vc_custom_1584103048448{margin-bottom: 0px !important;padding-bottom: 0px !important;}\u00bb][vc_row_inner gap=\u00bb10&#8243; css=\u00bb.vc_custom_1580302748352{margin-top: 0px !important;}\u00bb][vc_column_inner width=\u00bb1\/3&#8243; css=\u00bb.vc_custom_1580302390790{border-right-width: 0px !important;padding-right: 20px !important;}\u00bb][vc_single_image image=\u00bb2045&#8243; img_size=\u00bbfull\u00bb alignment=\u00bbcenter\u00bb][\/vc_column_inner][vc_column_inner width=\u00bb2\/3&#8243;][vc_column_text]La rejilla retenedora previne las obstrucciones, reteniendo los detritos solidos que siguen con el flujo de agua. Instalado con la salida vertical de la base.<\/p>\n<p>Con licencia del Grupo Linear\u00ae.[\/vc_column_text][\/vc_column_inner][\/vc_row_inner][vc_empty_space height=\u00bb30px\u00bb][vc_custom_heading text=\u00bbVENTOSA\u00bb font_container=\u00bbtag:p|font_size:18px|text_align:left|color:%235a2f79|line_height:20px\u00bb google_fonts=\u00bbfont_family:Open%20Sans%3A300%2C300italic%2Cregular%2Citalic%2C600%2C600italic%2C700%2C700italic%2C800%2C800italic|font_style:700%20bold%20regular%3A700%3Anormal\u00bb css=\u00bb.vc_custom_1580302767932{margin-bottom: 0px !important;padding-bottom: 0px !important;}\u00bb][vc_row_inner gap=\u00bb10&#8243; css=\u00bb.vc_custom_1580302774434{margin-top: 0px !important;}\u00bb][vc_column_inner width=\u00bb1\/3&#8243; css=\u00bb.vc_custom_1580302401270{border-right-width: 0px !important;padding-right: 20px !important;}\u00bb][vc_single_image image=\u00bb2047&#8243; img_size=\u00bbfull\u00bb alignment=\u00bbcenter\u00bb][\/vc_column_inner][vc_column_inner width=\u00bb2\/3&#8243;][vc_column_text]Accesorio que facilita la extracci\u00f3n de las tapas durante el procedimiento de limpieza de las bases.[\/vc_column_text][\/vc_column_inner][\/vc_row_inner][\/vc_column][vc_column width=\u00bb1\/2&#8243; css=\u00bb.vc_custom_1579487245558{border-top-width: 1px !important;border-right-width: 1px !important;border-bottom-width: 1px !important;border-left-width: 1px !important;border-left-color: #dbd9d7 !important;border-left-style: solid !important;border-right-color: #dbd9d7 !important;border-right-style: solid !important;border-top-color: #dbd9d7 !important;border-top-style: solid !important;border-bottom-color: #dbd9d7 !important;border-bottom-style: solid !important;}\u00bb][vc_custom_heading text=\u00bbSIF\u00d3N GRUPO LINEAR\u00bb font_container=\u00bbtag:p|font_size:18px|text_align:left|color:%235a2f79|line_height:20px\u00bb google_fonts=\u00bbfont_family:Open%20Sans%3A300%2C300italic%2Cregular%2Citalic%2C600%2C600italic%2C700%2C700italic%2C800%2C800italic|font_style:700%20bold%20regular%3A700%3Anormal\u00bb css=\u00bb.vc_custom_1594910795955{margin-bottom: 0px !important;padding-bottom: 0px !important;}\u00bb][vc_row_inner gap=\u00bb10&#8243; css=\u00bb.vc_custom_1580302852218{margin-top: 0px !important;}\u00bb][vc_column_inner width=\u00bb1\/4&#8243; css=\u00bb.vc_custom_1580302412138{border-right-width: 0px !important;padding-right: 20px !important;}\u00bb][vc_single_image image=\u00bb2595&#8243; img_size=\u00bbfull\u00bb alignment=\u00bbcenter\u00bb][\/vc_column_inner][vc_column_inner width=\u00bb3\/4&#8243;][vc_column_text]El Sif\u00f3n Grupo Linear podr\u00e1 ser utilizado em cualquier rejilla lineal con salida de 50mm.<\/p>\n<p>Instalado en la salida de la rejilla, eliminando retorno de mal olor de la tuber\u00eda.<\/p>\n<p>Con licencia del Grupo Linear\u00ae.[\/vc_column_text][\/vc_column_inner][\/vc_row_inner][vc_empty_space height=\u00bb30px\u00bb][vc_custom_heading text=\u00bbUNI\u00d3N ACOPLABLE\u00bb font_container=\u00bbtag:p|font_size:18px|text_align:left|color:%235a2f79|line_height:20px\u00bb google_fonts=\u00bbfont_family:Open%20Sans%3A300%2C300italic%2Cregular%2Citalic%2C600%2C600italic%2C700%2C700italic%2C800%2C800italic|font_style:700%20bold%20regular%3A700%3Anormal\u00bb css=\u00bb.vc_custom_1584103139837{margin-bottom: 0px !important;padding-bottom: 0px !important;}\u00bb][vc_row_inner gap=\u00bb10&#8243; css=\u00bb.vc_custom_1580302852218{margin-top: 0px !important;}\u00bb][vc_column_inner width=\u00bb1\/4&#8243; css=\u00bb.vc_custom_1580302412138{border-right-width: 0px !important;padding-right: 20px !important;}\u00bb][vc_single_image image=\u00bb2053&#8243; img_size=\u00bbfull\u00bb alignment=\u00bbcenter\u00bb][\/vc_column_inner][vc_column_inner width=\u00bb3\/4&#8243;][vc_column_text]Utilizada para acoplar la Rejilla a la Caja Sifonada o Sif\u00f3n.<\/p>\n<p>Con licencia del Grupo Linear\u00ae.[\/vc_column_text][\/vc_column_inner][\/vc_row_inner][vc_empty_space height=\u00bb30px\u00bb][vc_custom_heading text=\u00bbUNI\u00d3N DE REDUCCI\u00d3N\u00bb font_container=\u00bbtag:p|font_size:18px|text_align:left|color:%235a2f79|line_height:20px\u00bb google_fonts=\u00bbfont_family:Open%20Sans%3A300%2C300italic%2Cregular%2Citalic%2C600%2C600italic%2C700%2C700italic%2C800%2C800italic|font_style:700%20bold%20regular%3A700%3Anormal\u00bb css=\u00bb.vc_custom_1584103214819{margin-bottom: 0px !important;padding-bottom: 0px !important;}\u00bb][vc_row_inner gap=\u00bb10&#8243; css=\u00bb.vc_custom_1580302889811{margin-top: 0px !important;}\u00bb][vc_column_inner width=\u00bb1\/4&#8243; css=\u00bb.vc_custom_1580302428192{border-right-width: 0px !important;padding-right: 20px !important;}\u00bb][vc_single_image image=\u00bb2055&#8243; img_size=\u00bbfull\u00bb alignment=\u00bbcenter\u00bb][\/vc_column_inner][vc_column_inner width=\u00bb3\/4&#8243;][vc_column_text]Uni\u00f3n de Reducci\u00f3n Invertida 50mm. Los diversos modelos de Rejillas del Grupo Linear tienen el di\u00e1metro de salida est\u00e1ndar de 50 mm, y la uni\u00f3n de reducci\u00f3n ofrece el perfecto ajuste para conexiones en los accesos laterales de las cajas sifonadas\/sif\u00f3n.<\/p>\n<p>Con licencia del Grupo Linear\u00ae.[\/vc_column_text][\/vc_column_inner][\/vc_row_inner][vc_empty_space height=\u00bb30px\u00bb][vc_custom_heading text=\u00bbM\u00c1S INFORMACI\u00d3N SOBRE LOS ACCESORIOS NOVII:\u00bb font_container=\u00bbtag:p|font_size:18px|text_align:left|color:%235a2f79|line_height:20px\u00bb google_fonts=\u00bbfont_family:Open%20Sans%3A300%2C300italic%2Cregular%2Citalic%2C600%2C600italic%2C700%2C700italic%2C800%2C800italic|font_style:700%20bold%20regular%3A700%3Anormal\u00bb css=\u00bb.vc_custom_1584103295903{margin-bottom: 0px !important;padding-bottom: 0px !important;}\u00bb][vc_row_inner gap=\u00bb10&#8243; css=\u00bb.vc_custom_1580302915837{margin-top: 0px !important;}\u00bb][vc_column_inner css=\u00bb.vc_custom_1579488688401{padding-right: 20px !important;}\u00bb][vc_single_image image=\u00bb2057&#8243; img_size=\u00bbfull\u00bb onclick=\u00bbcustom_link\u00bb img_link_target=\u00bb_blank\u00bb link=\u00bbhttps:\/\/www.novii.ind.br\u00bb][\/vc_column_inner][\/vc_row_inner][\/vc_column][\/vc_row]<\/p>\n<\/div>","protected":false},"excerpt":{"rendered":"<p>[vc_row full_width=\u00bbstretch_row_content_no_spaces\u00bb][vc_column][vc_single_image image=\u00bb2201&#8243; img_size=\u00bbfull\u00bb alignment=\u00bbcenter\u00bb][\/vc_column][\/vc_row][vc_row css=\u00bb.vc_custom_1579484253588{margin-top: 30px !important;}\u00bb][vc_column width=\u00bb1\/3&#8243;][vc_single_image image=\u00bb3386&#8243; img_size=\u00bbfull\u00bb][\/vc_column][vc_column width=\u00bb1\/3&#8243;][vc_custom_heading text=\u00bbCompacto, pr\u00e1ctico y seguro.\u00bb font_container=\u00bbtag:div|font_size:24px|text_align:right|color:%236b6661|line_height:30px\u00bb use_theme_fonts=\u00bbyes\u00bb][\/vc_column][vc_column width=\u00bb1\/3&#8243;][\/vc_column][\/vc_row][vc_row][vc_column width=\u00bb2\/3&#8243;][vc_separator color=\u00bbcustom\u00bb border_width=\u00bb3&#8243; accent_color=\u00bb#f6f4f1&#8243;][vc_row_inner][vc_column_inner width=\u00bb1\/4&#8243;][vc_column_text]Ideal para ba\u00f1os, como rejilla de seguridad o para ba\u00f1o.[\/vc_column_text][vc_single_image image=\u00bb1933&#8243; img_size=\u00bbfull\u00bb][vc_btn title=\u00bbEntre en Contacto\u00bb style=\u00bbcustom\u00bb custom_background=\u00bb#5a2f79&#8243; custom_text=\u00bb#ffffff\u00bb shape=\u00bbsquare\u00bb align=\u00bbleft\u00bb link=\u00bburl:%2Fcontato|||\u00bb][\/vc_column_inner][vc_column_inner width=\u00bb3\/4&#8243;][\/vc_column_inner][\/vc_row_inner][\/vc_column][vc_column width=\u00bb1\/3&#8243;][vc_wp_custommenu nav_menu=\u00bb18&#8243;][\/vc_column][\/vc_row][vc_row full_width=\u00bbstretch_row\u00bb css=\u00bb.vc_custom_1579489339146{padding-top: 20px !important;padding-bottom: 20px !important;background-color: #f7f4f1 !important;}\u00bb][vc_column][vc_row_inner&hellip;<\/p>\n","protected":false},"author":1,"featured_media":0,"parent":0,"menu_order":0,"comment_status":"closed","ping_status":"closed","template":"template-microsite.php","meta":{"footnotes":""},"class_list":["post-2441","page","type-page","status-publish","hentry","description-off"],"_links":{"self":[{"href":"https:\/\/www.elleve.ind.br\/es\/wp-json\/wp\/v2\/pages\/2441","targetHints":{"allow":["GET"]}}],"collection":[{"href":"https:\/\/www.elleve.ind.br\/es\/wp-json\/wp\/v2\/pages"}],"about":[{"href":"https:\/\/www.elleve.ind.br\/es\/wp-json\/wp\/v2\/types\/page"}],"author":[{"embeddable":true,"href":"https:\/\/www.elleve.ind.br\/es\/wp-json\/wp\/v2\/users\/1"}],"replies":[{"embeddable":true,"href":"https:\/\/www.elleve.ind.br\/es\/wp-json\/wp\/v2\/comments?post=2441"}],"version-history":[{"count":14,"href":"https:\/\/www.elleve.ind.br\/es\/wp-json\/wp\/v2\/pages\/2441\/revisions"}],"predecessor-version":[{"id":3401,"href":"https:\/\/www.elleve.ind.br\/es\/wp-json\/wp\/v2\/pages\/2441\/revisions\/3401"}],"wp:attachment":[{"href":"https:\/\/www.elleve.ind.br\/es\/wp-json\/wp\/v2\/media?parent=2441"}],"curies":[{"name":"wp","href":"https:\/\/api.w.org\/{rel}","templated":true}]}}