{"id":2870,"date":"2021-03-22T07:10:47","date_gmt":"2021-03-22T10:10:47","guid":{"rendered":"https:\/\/www.elleve.ind.br\/vertex-line\/"},"modified":"2023-09-01T15:42:36","modified_gmt":"2023-09-01T18:42:36","slug":"vertex-line","status":"publish","type":"page","link":"https:\/\/www.elleve.ind.br\/es\/vertex-line\/","title":{"rendered":"Vertex"},"content":{"rendered":"<div class=\"wpb-content-wrapper\"><p>[vc_row full_width=\u00bbstretch_row_content_no_spaces\u00bb][vc_column][vc_single_image image=\u00bb2764&#8243; img_size=\u00bbfull\u00bb alignment=\u00bbcenter\u00bb][\/vc_column][\/vc_row][vc_row css=\u00bb.vc_custom_1579484253588{margin-top: 30px !important;}\u00bb][vc_column width=\u00bb1\/3&#8243;][vc_single_image image=\u00bb3393&#8243; img_size=\u00bbfull\u00bb][\/vc_column][vc_column width=\u00bb1\/3&#8243;][vc_custom_heading text=\u00bbIncrementar las posibilidades de armonizaci\u00f3n de los ambientes.\u00bb font_container=\u00bbtag:div|font_size:24px|text_align:right|color:%236b6661|line_height:30px\u00bb use_theme_fonts=\u00bbyes\u00bb][\/vc_column][vc_column width=\u00bb1\/3&#8243;][\/vc_column][\/vc_row][vc_row][vc_column width=\u00bb2\/3&#8243;][vc_separator color=\u00bbcustom\u00bb border_width=\u00bb3&#8243; accent_color=\u00bb#f6f4f1&#8243;][vc_row_inner][vc_column_inner width=\u00bb1\/4&#8243;][vc_column_text]<span style=\"color: #5a2f79;\">Ideal para ba\u00f1os en general y \u00e1reas gourmet.<\/span>[\/vc_column_text][vc_single_image image=\u00bb1933&#8243; img_size=\u00bbfull\u00bb][vc_btn title=\u00bbEntre en contacto\u00bb style=\u00bbcustom\u00bb custom_background=\u00bb#5a2f79&#8243; custom_text=\u00bb#ffffff\u00bb shape=\u00bbsquare\u00bb align=\u00bbleft\u00bb link=\u00bburl:https%3A%2F%2Fwww.elleve.ind.br%2Fes%2Fcontacto%2F|\u00bb][\/vc_column_inner][vc_column_inner width=\u00bb3\/4&#8243;]<div id=\"ult-carousel-41897233936a0489763d4d5\" class=\"ult-carousel-wrapper   ult_horizontal\" data-gutter=\"15\" data-rtl=\"false\" ><div class=\"ult-carousel-29981418606a0489763d38b \" >[vc_single_image image=\u00bb2771&#8243; img_size=\u00bbfull\u00bb alignment=\u00bbcenter\u00bb][vc_single_image image=\u00bb3096&#8243; img_size=\u00bbfull\u00bb alignment=\u00bbcenter\u00bb][vc_single_image image=\u00bb2777&#8243; img_size=\u00bbfull\u00bb alignment=\u00bbcenter\u00bb][vc_single_image image=\u00bb2775&#8243; img_size=\u00bbfull\u00bb alignment=\u00bbcenter\u00bb][vc_single_image image=\u00bb2773&#8243; img_size=\u00bbfull\u00bb alignment=\u00bbcenter\u00bb][vc_single_image image=\u00bb2781&#8243; img_size=\u00bbfull\u00bb alignment=\u00bbcenter\u00bb][vc_single_image image=\u00bb3151&#8243; img_size=\u00bbfull\u00bb alignment=\u00bbcenter\u00bb][vc_single_image image=\u00bb2779&#8243; img_size=\u00bbfull\u00bb alignment=\u00bbcenter\u00bb][vc_single_image image=\u00bb2783&#8243; img_size=\u00bbfull\u00bb alignment=\u00bbcenter\u00bb]<\/div><\/div>\t\t\t<script type=\"text\/javascript\">\n\t\t\t\tjQuery(document).ready(function ($) {\n\t\t\t\t\tif( typeof jQuery('.ult-carousel-29981418606a0489763d38b').slick == \"function\"){\n\t\t\t\t\t\t$('.ult-carousel-29981418606a0489763d38b').slick({dots: true,autoplay: true,autoplaySpeed: \"5000\",speed: \"300\",infinite: true,arrows: false,slidesToScroll:1,slidesToShow:1,swipe: true,draggable: true,touchMove: true,pauseOnHover: true,pauseOnFocus: false,responsive: [\n\t\t\t\t\t\t\t{\n\t\t\t\t\t\t\t  breakpoint: 1026,\n\t\t\t\t\t\t\t  settings: {\n\t\t\t\t\t\t\t\tslidesToShow: 1,\n\t\t\t\t\t\t\t\tslidesToScroll: 1,  \n\t\t\t\t\t\t\t  }\n\t\t\t\t\t\t\t},\n\t\t\t\t\t\t\t{\n\t\t\t\t\t\t\t  breakpoint: 1025,\n\t\t\t\t\t\t\t  settings: {\n\t\t\t\t\t\t\t\tslidesToShow: 1,\n\t\t\t\t\t\t\t\tslidesToScroll: 1\n\t\t\t\t\t\t\t  }\n\t\t\t\t\t\t\t},\n\t\t\t\t\t\t\t{\n\t\t\t\t\t\t\t  breakpoint: 760,\n\t\t\t\t\t\t\t  settings: {\n\t\t\t\t\t\t\t\tslidesToShow: 1,\n\t\t\t\t\t\t\t\tslidesToScroll: 1\n\t\t\t\t\t\t\t  }\n\t\t\t\t\t\t\t}\n\t\t\t\t\t\t],pauseOnDotsHover: true,customPaging: function(slider, i) {\n                   return '<i type=\"button\" style= \"color:#5a2f79;\" class=\"ultsl-checkbox-partial\" data-role=\"none\"><\/i>';\n                },});\n\t\t\t\t\t}\n\t\t\t\t});\n\t\t\t<\/script>\n\t\t\t[\/vc_column_inner][\/vc_row_inner][\/vc_column][vc_column width=\u00bb1\/3&#8243;][vc_wp_custommenu nav_menu=\u00bb18&#8243;][\/vc_column][\/vc_row][vc_row full_width=\u00bbstretch_row\u00bb css=\u00bb.vc_custom_1579489339146{padding-top: 20px !important;padding-bottom: 20px !important;background-color: #f7f4f1 !important;}\u00bb][vc_column][vc_row_inner equal_height=\u00bbyes\u00bb][vc_column_inner width=\u00bb1\/4&#8243;][vc_column_text]\u2713 Mayor absorci\u00f3n de agua[\/vc_column_text][vc_column_text]\u2713 Base con altura reducida que va evitar cortes en la losa durante la instalaci\u00f3n[\/vc_column_text][\/vc_column_inner][vc_column_inner width=\u00bb1\/4&#8243;][vc_column_text]\u2713 F\u00e1cil limpieza[\/vc_column_text][vc_column_text]\u2713 Base con altura reducida que va evitar cortes en la losa durante la instalaci\u00f3n[\/vc_column_text][\/vc_column_inner][vc_column_inner width=\u00bb1\/4&#8243;][vc_column_text]\u2713 F\u00e1cil adaptaci\u00f3n en reformas[\/vc_column_text][\/vc_column_inner][vc_column_inner width=\u00bb1\/4&#8243;][vc_single_image image=\u00bb2074&#8243; img_size=\u00bbfull\u00bb][\/vc_column_inner][\/vc_row_inner][\/vc_column][\/vc_row][vc_row css=\u00bb.vc_custom_1579486636803{margin-top: 10px !important;}\u00bb][vc_column][vc_custom_heading text=\u00bbM\u00e1s detalles del producto\u00bb font_container=\u00bbtag:div|font_size:24px|text_align:left|color:%236b6661|line_height:30px\u00bb use_theme_fonts=\u00bbyes\u00bb][vc_separator color=\u00bbcustom\u00bb border_width=\u00bb3&#8243; accent_color=\u00bb#f6f4f1&#8243; css=\u00bb.vc_custom_1579486629306{margin-top: 20px !important;}\u00bb][\/vc_column][\/vc_row][vc_row full_width=\u00bbstretch_row\u00bb gap=\u00bb10&#8243; equal_height=\u00bbyes\u00bb css=\u00bb.vc_custom_1579487571993{margin-right: 1px !important;margin-left: 1px !important;}\u00bb][vc_column width=\u00bb1\/4&#8243; css=\u00bb.vc_custom_1579486966526{border-top-width: 1px !important;border-right-width: 1px !important;border-bottom-width: 1px !important;border-left-width: 1px !important;border-left-color: #dbd9d7 !important;border-left-style: solid !important;border-right-color: #dbd9d7 !important;border-right-style: solid !important;border-top-color: #dbd9d7 !important;border-top-style: solid !important;border-bottom-color: #dbd9d7 !important;border-bottom-style: solid !important;}\u00bb][vc_custom_heading text=\u00bbOpciones de tapas\u00bb font_container=\u00bbtag:div|font_size:20px|text_align:left|color:%235a2f79|line_height:24px\u00bb use_theme_fonts=\u00bbyes\u00bb css=\u00bb.vc_custom_1579486751495{padding-bottom: 20px !important;}\u00bb][vc_column_text]\u2713 Black Matte[\/vc_column_text][vc_column_text]\u2713 Grafito[\/vc_column_text][vc_column_text]\u2713 Acero Inoxidable[\/vc_column_text][vc_column_text]\u2713 Acero Inoxidable Pulido[\/vc_column_text][vc_column_text]\u2713 Gold[\/vc_column_text][vc_column_text]\u2713 Red Gold[\/vc_column_text][vc_column_text]\u2713 Ros\u00e9 Gold[\/vc_column_text][vc_column_text]\u2713 Subtapa Oculta[\/vc_column_text][\/vc_column][vc_column width=\u00bb1\/4&#8243; css=\u00bb.vc_custom_1579487156384{border-top-width: 1px !important;border-right-width: 1px !important;border-bottom-width: 1px !important;border-left-width: 1px !important;border-left-color: #dbd9d7 !important;border-left-style: solid !important;border-right-color: #dbd9d7 !important;border-right-style: solid !important;border-top-color: #dbd9d7 !important;border-top-style: solid !important;border-bottom-color: #dbd9d7 !important;border-bottom-style: solid !important;}\u00bb][vc_custom_heading text=\u00bbOpciones de Base\u00bb font_container=\u00bbtag:div|font_size:20px|text_align:left|color:%235a2f79|line_height:24px\u00bb use_theme_fonts=\u00bbyes\u00bb css=\u00bb.vc_custom_1579487418631{padding-bottom: 20px !important;}\u00bb][vc_column_text]\u2713 PVC con Salida Central Vertical[\/vc_column_text][\/vc_column][vc_column width=\u00bb1\/4&#8243; css=\u00bb.vc_custom_1579487160868{border-top-width: 1px !important;border-right-width: 1px !important;border-bottom-width: 1px !important;border-left-width: 1px !important;border-left-color: #dbd9d7 !important;border-left-style: solid !important;border-right-color: #dbd9d7 !important;border-right-style: solid !important;border-top-color: #dbd9d7 !important;border-top-style: solid !important;border-bottom-color: #dbd9d7 !important;border-bottom-style: solid !important;}\u00bb][vc_custom_heading text=\u00bbDimensiones\u00bb font_container=\u00bbtag:div|font_size:20px|text_align:left|color:%235a2f79|line_height:24px\u00bb use_theme_fonts=\u00bbyes\u00bb css=\u00bb.vc_custom_1579487431229{padding-bottom: 20px !important;}\u00bb][vc_column_text]<strong>Altura:<\/strong> 40mm<br \/>\n<strong>Ancho: <\/strong>160mm<br \/>\n<strong>Longitud:<\/strong>160mm[\/vc_column_text][\/vc_column][vc_column width=\u00bb1\/4&#8243; css=\u00bb.vc_custom_1579487165071{border-top-width: 1px !important;border-right-width: 1px !important;border-bottom-width: 1px !important;border-left-width: 1px !important;border-left-color: #dbd9d7 !important;border-left-style: solid !important;border-right-color: #dbd9d7 !important;border-right-style: solid !important;border-top-color: #dbd9d7 !important;border-top-style: solid !important;border-bottom-color: #dbd9d7 !important;border-bottom-style: solid !important;}\u00bb][vc_custom_heading text=\u00bbSugerencias de uso\u00bb font_container=\u00bbtag:div|font_size:20px|text_align:left|color:%235a2f79|line_height:24px\u00bb use_theme_fonts=\u00bbyes\u00bb css=\u00bb.vc_custom_1579487444011{padding-bottom: 20px !important;}\u00bb][vc_column_text]\u2713 Ba\u00f1os en general y areas gourmet.[\/vc_column_text][\/vc_column][\/vc_row][vc_row full_width=\u00bbstretch_row\u00bb css=\u00bb.vc_custom_1579487599041{margin-top: 30px !important;}\u00bb][vc_column width=\u00bb1\/2&#8243;][vc_custom_heading text=\u00bbAccesorios que vienen con el producto:\u00bb font_container=\u00bbtag:div|font_size:24px|text_align:left|color:%236b6661|line_height:30px\u00bb use_theme_fonts=\u00bbyes\u00bb][\/vc_column][vc_column width=\u00bb1\/2&#8243;][vc_custom_heading text=\u00bbAccesorios compatibles:\u00bb font_container=\u00bbtag:div|font_size:24px|text_align:left|color:%236b6661|line_height:30px\u00bb use_theme_fonts=\u00bbyes\u00bb][\/vc_column][\/vc_row][vc_row full_width=\u00bbstretch_row\u00bb css=\u00bb.vc_custom_1579487599041{margin-top: 30px !important;}\u00bb][vc_column width=\u00bb1\/2&#8243;][vc_separator color=\u00bbcustom\u00bb border_width=\u00bb3&#8243; accent_color=\u00bb#f6f4f1&#8243; css=\u00bb.vc_custom_1579486629306{margin-top: 20px !important;}\u00bb][\/vc_column][vc_column width=\u00bb1\/2&#8243;][vc_separator color=\u00bbcustom\u00bb border_width=\u00bb3&#8243; accent_color=\u00bb#f6f4f1&#8243; css=\u00bb.vc_custom_1579486629306{margin-top: 20px !important;}\u00bb][\/vc_column][\/vc_row][vc_row full_width=\u00bbstretch_row\u00bb gap=\u00bb10&#8243; equal_height=\u00bbyes\u00bb css=\u00bb.vc_custom_1579488694329{margin-right: 1px !important;margin-left: 1px !important;}\u00bb][vc_column width=\u00bb1\/2&#8243; css=\u00bb.vc_custom_1579486728847{border-top-width: 1px !important;border-right-width: 1px !important;border-bottom-width: 1px !important;border-left-width: 1px !important;border-left-color: #dbd9d7 !important;border-left-style: solid !important;border-right-color: #dbd9d7 !important;border-right-style: solid !important;border-top-color: #dbd9d7 !important;border-top-style: solid !important;border-bottom-color: #dbd9d7 !important;border-bottom-style: solid !important;}\u00bb][vc_custom_heading text=\u00bbV\u00c1LVULA DE RETENCI\u00d3N\u00bb font_container=\u00bbtag:p|font_size:18px|text_align:left|color:%235a2f79|line_height:20px\u00bb google_fonts=\u00bbfont_family:Open%20Sans%3A300%2C300italic%2Cregular%2Citalic%2C600%2C600italic%2C700%2C700italic%2C800%2C800italic|font_style:700%20bold%20regular%3A700%3Anormal\u00bb css=\u00bb.vc_custom_1580302701190{margin-bottom: 0px !important;padding-bottom: 0px !important;}\u00bb][vc_row_inner gap=\u00bb10&#8243; css=\u00bb.vc_custom_1580302707370{margin-top: 0px !important;}\u00bb][vc_column_inner width=\u00bb1\/3&#8243; css=\u00bb.vc_custom_1580302381253{border-right-width: 0px !important;padding-right: 20px !important;}\u00bb][vc_single_image image=\u00bb2037&#8243; img_size=\u00bbfull\u00bb alignment=\u00bbcenter\u00bb][\/vc_column_inner][vc_column_inner width=\u00bb2\/3&#8243;][vc_column_text]V\u00e1lvula que abre solamente para el paso de agua y se cierra autom\u00e1tica-mente cuando el flujo termina, el sistema impide el retorno del agua y de los insectos del desag\u00fce.<\/p>\n<p>Con licencia del Grupo Linear\u00ae<br \/>\n[\/vc_column_text][\/vc_column_inner][\/vc_row_inner][vc_empty_space height=\u00bb30px\u00bb][vc_custom_heading text=\u00bbADAPTADOR VERTEX\u00bb font_container=\u00bbtag:p|font_size:18px|text_align:left|color:%235a2f79|line_height:20px\u00bb google_fonts=\u00bbfont_family:Open%20Sans%3A300%2C300italic%2Cregular%2Citalic%2C600%2C600italic%2C700%2C700italic%2C800%2C800italic|font_style:700%20bold%20regular%3A700%3Anormal\u00bb css=\u00bb.vc_custom_1616101469207{margin-bottom: 0px !important;padding-bottom: 0px !important;}\u00bb][vc_row_inner gap=\u00bb10&#8243; css=\u00bb.vc_custom_1580302852218{margin-top: 0px !important;}\u00bb][vc_column_inner width=\u00bb1\/3&#8243; css=\u00bb.vc_custom_1580302412138{border-right-width: 0px !important;padding-right: 20px !important;}\u00bb][vc_single_image image=\u00bb2248&#8243; img_size=\u00bbfull\u00bb alignment=\u00bbcenter\u00bb][\/vc_column_inner][vc_column_inner width=\u00bb2\/3&#8243;][vc_column_text]Con licencia del Grupo Linear\u00ae[\/vc_column_text][\/vc_column_inner][\/vc_row_inner][vc_empty_space height=\u00bb30px\u00bb][vc_custom_heading text=\u00bbREJILLA RETENEDORA\u00bb font_container=\u00bbtag:p|font_size:18px|text_align:left|color:%235a2f79|line_height:20px\u00bb google_fonts=\u00bbfont_family:Open%20Sans%3A300%2C300italic%2Cregular%2Citalic%2C600%2C600italic%2C700%2C700italic%2C800%2C800italic|font_style:700%20bold%20regular%3A700%3Anormal\u00bb css=\u00bb.vc_custom_1580302735162{margin-bottom: 0px !important;padding-bottom: 0px !important;}\u00bb][vc_row_inner gap=\u00bb10&#8243; css=\u00bb.vc_custom_1580302748352{margin-top: 0px !important;}\u00bb][vc_column_inner width=\u00bb1\/3&#8243; css=\u00bb.vc_custom_1580302390790{border-right-width: 0px !important;padding-right: 20px !important;}\u00bb][vc_single_image image=\u00bb2250&#8243; img_size=\u00bbfull\u00bb alignment=\u00bbcenter\u00bb][\/vc_column_inner][vc_column_inner width=\u00bb2\/3&#8243;][vc_column_text]La rejilla retenedora previne las obstrucciones, reteniendo los detritos solidos que siguen con el flujo de agua. Instalado con la salida vertical de la base.<\/p>\n<p>Con licencia del Grupo Linear\u00ae.[\/vc_column_text][\/vc_column_inner][\/vc_row_inner][vc_empty_space height=\u00bb30px\u00bb][vc_custom_heading text=\u00bbVENTOSA\u00bb font_container=\u00bbtag:p|font_size:18px|text_align:left|color:%235a2f79|line_height:20px\u00bb google_fonts=\u00bbfont_family:Open%20Sans%3A300%2C300italic%2Cregular%2Citalic%2C600%2C600italic%2C700%2C700italic%2C800%2C800italic|font_style:700%20bold%20regular%3A700%3Anormal\u00bb css=\u00bb.vc_custom_1580302767932{margin-bottom: 0px !important;padding-bottom: 0px !important;}\u00bb][vc_row_inner gap=\u00bb10&#8243; css=\u00bb.vc_custom_1580302774434{margin-top: 0px !important;}\u00bb][vc_column_inner width=\u00bb1\/3&#8243; css=\u00bb.vc_custom_1580302401270{border-right-width: 0px !important;padding-right: 20px !important;}\u00bb][vc_single_image image=\u00bb2047&#8243; img_size=\u00bbfull\u00bb alignment=\u00bbcenter\u00bb][\/vc_column_inner][vc_column_inner width=\u00bb2\/3&#8243;][vc_column_text]Accesorio que facilita la extracci\u00f3n de las tapas durante el procedimiento de limpieza de las bases.[\/vc_column_text][\/vc_column_inner][\/vc_row_inner][\/vc_column][vc_column width=\u00bb1\/2&#8243; css=\u00bb.vc_custom_1579487245558{border-top-width: 1px !important;border-right-width: 1px !important;border-bottom-width: 1px !important;border-left-width: 1px !important;border-left-color: #dbd9d7 !important;border-left-style: solid !important;border-right-color: #dbd9d7 !important;border-right-style: solid !important;border-top-color: #dbd9d7 !important;border-top-style: solid !important;border-bottom-color: #dbd9d7 !important;border-bottom-style: solid !important;}\u00bb][vc_custom_heading text=\u00bbSIF\u00d3N GRUPO LINEAR\u00bb font_container=\u00bbtag:p|font_size:18px|text_align:left|color:%235a2f79|line_height:20px\u00bb google_fonts=\u00bbfont_family:Open%20Sans%3A300%2C300italic%2Cregular%2Citalic%2C600%2C600italic%2C700%2C700italic%2C800%2C800italic|font_style:700%20bold%20regular%3A700%3Anormal\u00bb css=\u00bb.vc_custom_1586526656269{margin-bottom: 0px !important;padding-bottom: 0px !important;}\u00bb][vc_row_inner gap=\u00bb10&#8243; css=\u00bb.vc_custom_1580302852218{margin-top: 0px !important;}\u00bb][vc_column_inner width=\u00bb1\/4&#8243; css=\u00bb.vc_custom_1580302412138{border-right-width: 0px !important;padding-right: 20px !important;}\u00bb][vc_single_image image=\u00bb2594&#8243; img_size=\u00bbfull\u00bb alignment=\u00bbcenter\u00bb][\/vc_column_inner][vc_column_inner width=\u00bb3\/4&#8243;][vc_column_text]El Sif\u00f3n Grupo Linear podr\u00e1 ser utilizado em cualquier rejilla lineal con salida de 50mm.<\/p>\n<p>Instalado en la salida de la rejilla, eliminando retorno de mal olor de la tuber\u00eda.<\/p>\n<p>Con licencia del Grupo Linear\u00ae.[\/vc_column_text][\/vc_column_inner][\/vc_row_inner][vc_empty_space height=\u00bb30px\u00bb][vc_custom_heading text=\u00bbM\u00c1S INFORMACI\u00d3N SOBRE LOS ACCESORIOS NOVII:\u00bb font_container=\u00bbtag:p|font_size:18px|text_align:left|color:%235a2f79|line_height:20px\u00bb google_fonts=\u00bbfont_family:Open%20Sans%3A300%2C300italic%2Cregular%2Citalic%2C600%2C600italic%2C700%2C700italic%2C800%2C800italic|font_style:700%20bold%20regular%3A700%3Anormal\u00bb css=\u00bb.vc_custom_1580302911546{margin-bottom: 0px !important;padding-bottom: 0px !important;}\u00bb][vc_row_inner gap=\u00bb10&#8243; css=\u00bb.vc_custom_1580302915837{margin-top: 0px !important;}\u00bb][vc_column_inner css=\u00bb.vc_custom_1579488688401{padding-right: 20px !important;}\u00bb][vc_single_image image=\u00bb2057&#8243; img_size=\u00bbfull\u00bb onclick=\u00bbcustom_link\u00bb img_link_target=\u00bb_blank\u00bb link=\u00bbhttps:\/\/www.novii.ind.br\u00bb][\/vc_column_inner][\/vc_row_inner][\/vc_column][\/vc_row]<\/p>\n<\/div>","protected":false},"excerpt":{"rendered":"<p>[vc_row full_width=\u00bbstretch_row_content_no_spaces\u00bb][vc_column][vc_single_image image=\u00bb2764&#8243; img_size=\u00bbfull\u00bb alignment=\u00bbcenter\u00bb][\/vc_column][\/vc_row][vc_row css=\u00bb.vc_custom_1579484253588{margin-top: 30px !important;}\u00bb][vc_column width=\u00bb1\/3&#8243;][vc_single_image image=\u00bb3393&#8243; img_size=\u00bbfull\u00bb][\/vc_column][vc_column width=\u00bb1\/3&#8243;][vc_custom_heading text=\u00bbIncrementar las posibilidades de armonizaci\u00f3n de los ambientes.\u00bb font_container=\u00bbtag:div|font_size:24px|text_align:right|color:%236b6661|line_height:30px\u00bb use_theme_fonts=\u00bbyes\u00bb][\/vc_column][vc_column width=\u00bb1\/3&#8243;][\/vc_column][\/vc_row][vc_row][vc_column width=\u00bb2\/3&#8243;][vc_separator color=\u00bbcustom\u00bb border_width=\u00bb3&#8243; accent_color=\u00bb#f6f4f1&#8243;][vc_row_inner][vc_column_inner width=\u00bb1\/4&#8243;][vc_column_text]Ideal para ba\u00f1os en general y \u00e1reas gourmet.[\/vc_column_text][vc_single_image image=\u00bb1933&#8243; img_size=\u00bbfull\u00bb][vc_btn title=\u00bbEntre en contacto\u00bb style=\u00bbcustom\u00bb custom_background=\u00bb#5a2f79&#8243; custom_text=\u00bb#ffffff\u00bb shape=\u00bbsquare\u00bb align=\u00bbleft\u00bb link=\u00bburl:https%3A%2F%2Fwww.elleve.ind.br%2Fes%2Fcontacto%2F|\u00bb][\/vc_column_inner][vc_column_inner width=\u00bb3\/4&#8243;][\/vc_column_inner][\/vc_row_inner][\/vc_column][vc_column width=\u00bb1\/3&#8243;][vc_wp_custommenu nav_menu=\u00bb18&#8243;][\/vc_column][\/vc_row][vc_row full_width=\u00bbstretch_row\u00bb css=\u00bb.vc_custom_1579489339146{padding-top: 20px !important;padding-bottom: 20px !important;background-color:&hellip;<\/p>\n","protected":false},"author":1,"featured_media":0,"parent":0,"menu_order":0,"comment_status":"closed","ping_status":"closed","template":"","meta":{"footnotes":""},"class_list":["post-2870","page","type-page","status-publish","hentry","description-off"],"_links":{"self":[{"href":"https:\/\/www.elleve.ind.br\/es\/wp-json\/wp\/v2\/pages\/2870","targetHints":{"allow":["GET"]}}],"collection":[{"href":"https:\/\/www.elleve.ind.br\/es\/wp-json\/wp\/v2\/pages"}],"about":[{"href":"https:\/\/www.elleve.ind.br\/es\/wp-json\/wp\/v2\/types\/page"}],"author":[{"embeddable":true,"href":"https:\/\/www.elleve.ind.br\/es\/wp-json\/wp\/v2\/users\/1"}],"replies":[{"embeddable":true,"href":"https:\/\/www.elleve.ind.br\/es\/wp-json\/wp\/v2\/comments?post=2870"}],"version-history":[{"count":5,"href":"https:\/\/www.elleve.ind.br\/es\/wp-json\/wp\/v2\/pages\/2870\/revisions"}],"predecessor-version":[{"id":3397,"href":"https:\/\/www.elleve.ind.br\/es\/wp-json\/wp\/v2\/pages\/2870\/revisions\/3397"}],"wp:attachment":[{"href":"https:\/\/www.elleve.ind.br\/es\/wp-json\/wp\/v2\/media?parent=2870"}],"curies":[{"name":"wp","href":"https:\/\/api.w.org\/{rel}","templated":true}]}}