{"id":2880,"date":"2020-07-29T14:07:50","date_gmt":"2020-07-29T17:07:50","guid":{"rendered":"https:\/\/www.elleve.ind.br\/kit-2-cantoneiras-elleve\/"},"modified":"2024-04-05T09:02:22","modified_gmt":"2024-04-05T12:02:22","slug":"kit-2-cantoneiras-elleve","status":"publish","type":"page","link":"https:\/\/www.elleve.ind.br\/es\/kit-2-cantoneiras-elleve\/","title":{"rendered":"Kit 2 Cantoneiras"},"content":{"rendered":"<div class=\"wpb-content-wrapper\"><p>[vc_row full_width=\u00bbstretch_row_content_no_spaces\u00bb][vc_column][vc_single_image image=\u00bb2682&#8243; img_size=\u00bbfull\u00bb alignment=\u00bbcenter\u00bb][\/vc_column][\/vc_row][vc_row css=\u00bb.vc_custom_1579484253588{margin-top: 30px !important;}\u00bb][vc_column width=\u00bb1\/3&#8243;][vc_single_image image=\u00bb2684&#8243; img_size=\u00bbfull\u00bb][\/vc_column][vc_column width=\u00bb1\/3&#8243;][vc_custom_heading text=\u00bbMaior prote\u00e7\u00e3o para o porcelanato<br \/>\ndo seu ralo linear oculto.\u00bb font_container=\u00bbtag:div|font_size:24px|text_align:right|color:%236b6661|line_height:30px\u00bb use_theme_fonts=\u00bbyes\u00bb][\/vc_column][vc_column width=\u00bb1\/3&#8243;][\/vc_column][\/vc_row][vc_row][vc_column width=\u00bb2\/3&#8243;][vc_separator color=\u00bbcustom\u00bb border_width=\u00bb3&#8243; accent_color=\u00bb#f6f4f1&#8243;][vc_row_inner][vc_column_inner width=\u00bb1\/4&#8243;][vc_column_text]<span style=\"color: #5a2f79;\">Ideal para ralos lineares ocultos.<\/span>[\/vc_column_text][vc_single_image image=\u00bb1933&#8243; img_size=\u00bbfull\u00bb][vc_btn title=\u00bbEntre em Contato\u00bb style=\u00bbcustom\u00bb custom_background=\u00bb#5a2f79&#8243; custom_text=\u00bb#ffffff\u00bb shape=\u00bbsquare\u00bb align=\u00bbleft\u00bb link=\u00bburl:%2Fcontato|||\u00bb][vc_single_image image=\u00bb4112&#8243; img_size=\u00bbfull\u00bb][\/vc_column_inner][vc_column_inner width=\u00bb3\/4&#8243;]<div id=\"ult-carousel-18859427786a04911ac75e6\" class=\"ult-carousel-wrapper   ult_horizontal\" data-gutter=\"15\" data-rtl=\"false\" ><div class=\"ult-carousel-30599007396a04911ac74a8 \" >[vc_single_image image=\u00bb2686&#8243; img_size=\u00bbfull\u00bb alignment=\u00bbcenter\u00bb][vc_single_image image=\u00bb2688&#8243; img_size=\u00bbfull\u00bb alignment=\u00bbcenter\u00bb][vc_single_image image=\u00bb3129&#8243; img_size=\u00bbfull\u00bb alignment=\u00bbcenter\u00bb][vc_single_image image=\u00bb3132&#8243; img_size=\u00bbfull\u00bb alignment=\u00bbcenter\u00bb][vc_single_image image=\u00bb2690&#8243; img_size=\u00bbfull\u00bb alignment=\u00bbcenter\u00bb][vc_single_image image=\u00bb2692&#8243; img_size=\u00bbfull\u00bb alignment=\u00bbcenter\u00bb][vc_single_image image=\u00bb2694&#8243; img_size=\u00bbfull\u00bb alignment=\u00bbcenter\u00bb][vc_single_image image=\u00bb2696&#8243; img_size=\u00bbfull\u00bb alignment=\u00bbcenter\u00bb][vc_single_image image=\u00bb2698&#8243; img_size=\u00bbfull\u00bb alignment=\u00bbcenter\u00bb][vc_single_image image=\u00bb2700&#8243; img_size=\u00bbfull\u00bb alignment=\u00bbcenter\u00bb][vc_single_image image=\u00bb2702&#8243; img_size=\u00bbfull\u00bb alignment=\u00bbcenter\u00bb][vc_single_image image=\u00bb2704&#8243; img_size=\u00bbfull\u00bb alignment=\u00bbcenter\u00bb]<\/div><\/div>\t\t\t<script type=\"text\/javascript\">\n\t\t\t\tjQuery(document).ready(function ($) {\n\t\t\t\t\tif( typeof jQuery('.ult-carousel-30599007396a04911ac74a8').slick == \"function\"){\n\t\t\t\t\t\t$('.ult-carousel-30599007396a04911ac74a8').slick({dots: true,autoplay: true,autoplaySpeed: \"5000\",speed: \"300\",infinite: true,arrows: false,slidesToScroll:1,slidesToShow:1,swipe: true,draggable: true,touchMove: true,pauseOnHover: true,pauseOnFocus: false,responsive: [\n\t\t\t\t\t\t\t{\n\t\t\t\t\t\t\t  breakpoint: 1026,\n\t\t\t\t\t\t\t  settings: {\n\t\t\t\t\t\t\t\tslidesToShow: 1,\n\t\t\t\t\t\t\t\tslidesToScroll: 1,  \n\t\t\t\t\t\t\t  }\n\t\t\t\t\t\t\t},\n\t\t\t\t\t\t\t{\n\t\t\t\t\t\t\t  breakpoint: 1025,\n\t\t\t\t\t\t\t  settings: {\n\t\t\t\t\t\t\t\tslidesToShow: 1,\n\t\t\t\t\t\t\t\tslidesToScroll: 1\n\t\t\t\t\t\t\t  }\n\t\t\t\t\t\t\t},\n\t\t\t\t\t\t\t{\n\t\t\t\t\t\t\t  breakpoint: 760,\n\t\t\t\t\t\t\t  settings: {\n\t\t\t\t\t\t\t\tslidesToShow: 1,\n\t\t\t\t\t\t\t\tslidesToScroll: 1\n\t\t\t\t\t\t\t  }\n\t\t\t\t\t\t\t}\n\t\t\t\t\t\t],pauseOnDotsHover: true,customPaging: function(slider, i) {\n                   return '<i type=\"button\" style= \"color:#5a2f79;\" class=\"ultsl-checkbox-partial\" data-role=\"none\"><\/i>';\n                },});\n\t\t\t\t\t}\n\t\t\t\t});\n\t\t\t<\/script>\n\t\t\t[\/vc_column_inner][\/vc_row_inner][\/vc_column][vc_column width=\u00bb1\/3&#8243;][vc_wp_custommenu nav_menu=\u00bb18&#8243;][\/vc_column][\/vc_row][vc_row full_width=\u00bbstretch_row\u00bb css=\u00bb.vc_custom_1579489339146{padding-top: 20px !important;padding-bottom: 20px !important;background-color: #f7f4f1 !important;}\u00bb][vc_column][vc_row_inner equal_height=\u00bbyes\u00bb][vc_column_inner width=\u00bb1\/4&#8243;][vc_column_text]\u2713 Prote\u00e7\u00e3o para as pontas do porcelanato instalado sobre as subtampas dos ralos lineares ocultos[\/vc_column_text][vc_column_text]\u2713 Detalhe especial na decora\u00e7\u00e3o do ambiente[\/vc_column_text][\/vc_column_inner][vc_column_inner width=\u00bb1\/4&#8243;][vc_column_text]\u2713 Cores metalizadas com processo de colora\u00e7\u00e3o especiais, que n\u00e3o riscam e n\u00e3o desbotam[\/vc_column_text][\/vc_column_inner][vc_column_inner width=\u00bb1\/4&#8243;][vc_column_text]\u2713 Melhor ades\u00e3o da ventosa nos ralos lineares ocultos nos quais a subtampa possui revestimento poroso (antiaderente)<\/p>\n<div id=\"gtx-trans\" style=\"position: absolute; left: 260px; top: 28.4px;\">\n<div class=\"gtx-trans-icon\"><\/div>\n<\/div>\n<p>[\/vc_column_text][\/vc_column_inner][vc_column_inner width=\u00bb1\/4&#8243;][vc_single_image image=\u00bb2074&#8243; img_size=\u00bbfull\u00bb][\/vc_column_inner][\/vc_row_inner][\/vc_column][\/vc_row][vc_row css=\u00bb.vc_custom_1579486636803{margin-top: 10px !important;}\u00bb][vc_column][vc_custom_heading text=\u00bbMaiores detalhes do produto\u00bb font_container=\u00bbtag:div|font_size:24px|text_align:left|color:%236b6661|line_height:30px\u00bb use_theme_fonts=\u00bbyes\u00bb][vc_separator color=\u00bbcustom\u00bb border_width=\u00bb3&#8243; accent_color=\u00bb#f6f4f1&#8243; css=\u00bb.vc_custom_1579486629306{margin-top: 20px !important;}\u00bb][\/vc_column][\/vc_row][vc_row full_width=\u00bbstretch_row\u00bb gap=\u00bb10&#8243; equal_height=\u00bbyes\u00bb css=\u00bb.vc_custom_1579487571993{margin-right: 1px !important;margin-left: 1px !important;}\u00bb][vc_column width=\u00bb1\/4&#8243; css=\u00bb.vc_custom_1579486966526{border-top-width: 1px !important;border-right-width: 1px !important;border-bottom-width: 1px !important;border-left-width: 1px !important;border-left-color: #dbd9d7 !important;border-left-style: solid !important;border-right-color: #dbd9d7 !important;border-right-style: solid !important;border-top-color: #dbd9d7 !important;border-top-style: solid !important;border-bottom-color: #dbd9d7 !important;border-bottom-style: solid !important;}\u00bb][vc_custom_heading text=\u00bbOp\u00e7\u00f5es de Cores\u00bb font_container=\u00bbtag:div|font_size:20px|text_align:left|color:%235a2f79|line_height:24px\u00bb use_theme_fonts=\u00bbyes\u00bb css=\u00bb.vc_custom_1596043625124{padding-bottom: 20px !important;}\u00bb][vc_column_text]\u2713 Ros\u00e9 Gold<\/p>\n<div id=\"gtx-trans\" style=\"position: absolute; left: 15px; top: -16.6px;\">\n<div class=\"gtx-trans-icon\"><\/div>\n<\/div>\n<p>[\/vc_column_text][vc_column_text]\u2713 Gold<\/p>\n<div id=\"gtx-trans\" style=\"position: absolute; left: 242px; top: 50px;\">\n<div class=\"gtx-trans-icon\"><\/div>\n<\/div>\n<p>[\/vc_column_text][vc_column_text]\u2713 Black Matte<\/p>\n<div id=\"gtx-trans\" style=\"position: absolute; left: 9px; top: -16.6px;\">\n<div class=\"gtx-trans-icon\"><\/div>\n<\/div>\n<p>[\/vc_column_text][vc_column_text]\u2713 Inox Polido<\/p>\n<div id=\"gtx-trans\" style=\"position: absolute; left: 222px; top: 50px;\">\n<div class=\"gtx-trans-icon\"><\/div>\n<\/div>\n<p>[\/vc_column_text][\/vc_column][vc_column width=\u00bb1\/4&#8243; css=\u00bb.vc_custom_1579487156384{border-top-width: 1px !important;border-right-width: 1px !important;border-bottom-width: 1px !important;border-left-width: 1px !important;border-left-color: #dbd9d7 !important;border-left-style: solid !important;border-right-color: #dbd9d7 !important;border-right-style: solid !important;border-top-color: #dbd9d7 !important;border-top-style: solid !important;border-bottom-color: #dbd9d7 !important;border-bottom-style: solid !important;}\u00bb][vc_custom_heading text=\u00bbComposi\u00e7\u00e3o\u00bb font_container=\u00bbtag:div|font_size:20px|text_align:left|color:%235a2f79|line_height:24px\u00bb use_theme_fonts=\u00bbyes\u00bb css=\u00bb.vc_custom_1596043699565{padding-bottom: 20px !important;}\u00bb][vc_column_text]\u2713 100% A\u00e7o Inox 304<\/p>\n<div id=\"gtx-trans\" style=\"position: absolute; left: 16px; top: -16.6px;\">\n<div class=\"gtx-trans-icon\"><\/div>\n<\/div>\n<p>[\/vc_column_text][\/vc_column][vc_column width=\u00bb1\/4&#8243; css=\u00bb.vc_custom_1579487160868{border-top-width: 1px !important;border-right-width: 1px !important;border-bottom-width: 1px !important;border-left-width: 1px !important;border-left-color: #dbd9d7 !important;border-left-style: solid !important;border-right-color: #dbd9d7 !important;border-right-style: solid !important;border-top-color: #dbd9d7 !important;border-top-style: solid !important;border-bottom-color: #dbd9d7 !important;border-bottom-style: solid !important;}\u00bb][vc_custom_heading text=\u00bbDimens\u00f5es\u00bb font_container=\u00bbtag:div|font_size:20px|text_align:left|color:%235a2f79|line_height:24px\u00bb use_theme_fonts=\u00bbyes\u00bb css=\u00bb.vc_custom_1579487431229{padding-bottom: 20px !important;}\u00bb][vc_column_text]<strong>Largura: <\/strong>25mm<br \/>\n<strong>Comprimento:<\/strong><br \/>\n70mm[\/vc_column_text][\/vc_column][vc_column width=\u00bb1\/4&#8243; css=\u00bb.vc_custom_1579487165071{border-top-width: 1px !important;border-right-width: 1px !important;border-bottom-width: 1px !important;border-left-width: 1px !important;border-left-color: #dbd9d7 !important;border-left-style: solid !important;border-right-color: #dbd9d7 !important;border-right-style: solid !important;border-top-color: #dbd9d7 !important;border-top-style: solid !important;border-bottom-color: #dbd9d7 !important;border-bottom-style: solid !important;}\u00bb][vc_custom_heading text=\u00bbSugest\u00f5es de uso\u00bb font_container=\u00bbtag:div|font_size:20px|text_align:left|color:%235a2f79|line_height:24px\u00bb use_theme_fonts=\u00bbyes\u00bb css=\u00bb.vc_custom_1579487444011{padding-bottom: 20px !important;}\u00bb][vc_column_text]\u2713 Indicado para ralos lineares ocultos<\/p>\n<div id=\"gtx-trans\" style=\"position: absolute; left: 14px; top: -16.6px;\">\n<div class=\"gtx-trans-icon\"><\/div>\n<\/div>\n<p>[\/vc_column_text][\/vc_column][\/vc_row]<\/p>\n<\/div>","protected":false},"excerpt":{"rendered":"<p>[vc_row full_width=\u00bbstretch_row_content_no_spaces\u00bb][vc_column][vc_single_image image=\u00bb2682&#8243; img_size=\u00bbfull\u00bb alignment=\u00bbcenter\u00bb][\/vc_column][\/vc_row][vc_row css=\u00bb.vc_custom_1579484253588{margin-top: 30px !important;}\u00bb][vc_column width=\u00bb1\/3&#8243;][vc_single_image image=\u00bb2684&#8243; img_size=\u00bbfull\u00bb][\/vc_column][vc_column width=\u00bb1\/3&#8243;][vc_custom_heading text=\u00bbMaior prote\u00e7\u00e3o para o porcelanato do seu ralo linear oculto.\u00bb font_container=\u00bbtag:div|font_size:24px|text_align:right|color:%236b6661|line_height:30px\u00bb use_theme_fonts=\u00bbyes\u00bb][\/vc_column][vc_column width=\u00bb1\/3&#8243;][\/vc_column][\/vc_row][vc_row][vc_column width=\u00bb2\/3&#8243;][vc_separator color=\u00bbcustom\u00bb border_width=\u00bb3&#8243; accent_color=\u00bb#f6f4f1&#8243;][vc_row_inner][vc_column_inner width=\u00bb1\/4&#8243;][vc_column_text]Ideal para ralos lineares ocultos.[\/vc_column_text][vc_single_image image=\u00bb1933&#8243; img_size=\u00bbfull\u00bb][vc_btn title=\u00bbEntre em Contato\u00bb style=\u00bbcustom\u00bb custom_background=\u00bb#5a2f79&#8243; custom_text=\u00bb#ffffff\u00bb shape=\u00bbsquare\u00bb align=\u00bbleft\u00bb link=\u00bburl:%2Fcontato|||\u00bb][vc_single_image image=\u00bb4112&#8243; img_size=\u00bbfull\u00bb][\/vc_column_inner][vc_column_inner width=\u00bb3\/4&#8243;][\/vc_column_inner][\/vc_row_inner][\/vc_column][vc_column width=\u00bb1\/3&#8243;][vc_wp_custommenu nav_menu=\u00bb18&#8243;][\/vc_column][\/vc_row][vc_row full_width=\u00bbstretch_row\u00bb css=\u00bb.vc_custom_1579489339146{padding-top: 20px !important;padding-bottom: 20px&hellip;<\/p>\n","protected":false},"author":1,"featured_media":0,"parent":0,"menu_order":0,"comment_status":"closed","ping_status":"closed","template":"template-microsite.php","meta":{"footnotes":""},"class_list":["post-2880","page","type-page","status-publish","hentry","description-off"],"_links":{"self":[{"href":"https:\/\/www.elleve.ind.br\/es\/wp-json\/wp\/v2\/pages\/2880","targetHints":{"allow":["GET"]}}],"collection":[{"href":"https:\/\/www.elleve.ind.br\/es\/wp-json\/wp\/v2\/pages"}],"about":[{"href":"https:\/\/www.elleve.ind.br\/es\/wp-json\/wp\/v2\/types\/page"}],"author":[{"embeddable":true,"href":"https:\/\/www.elleve.ind.br\/es\/wp-json\/wp\/v2\/users\/1"}],"replies":[{"embeddable":true,"href":"https:\/\/www.elleve.ind.br\/es\/wp-json\/wp\/v2\/comments?post=2880"}],"version-history":[{"count":2,"href":"https:\/\/www.elleve.ind.br\/es\/wp-json\/wp\/v2\/pages\/2880\/revisions"}],"predecessor-version":[{"id":4114,"href":"https:\/\/www.elleve.ind.br\/es\/wp-json\/wp\/v2\/pages\/2880\/revisions\/4114"}],"wp:attachment":[{"href":"https:\/\/www.elleve.ind.br\/es\/wp-json\/wp\/v2\/media?parent=2880"}],"curies":[{"name":"wp","href":"https:\/\/api.w.org\/{rel}","templated":true}]}}