{"id":2923,"date":"2021-08-24T16:58:10","date_gmt":"2021-08-24T19:58:10","guid":{"rendered":"https:\/\/www.elleve.ind.br\/politica-de-privacidade\/"},"modified":"2024-11-19T12:18:50","modified_gmt":"2024-11-19T15:18:50","slug":"aviso-de-privacidade","status":"publish","type":"page","link":"https:\/\/www.elleve.ind.br\/es\/aviso-de-privacidade\/","title":{"rendered":"Aviso de Privacidad"},"content":{"rendered":"<div class=\"wpb-content-wrapper\"><p>[vc_row css=\u00bb.vc_custom_1732029528123{padding-top: 40px !important;padding-right: 60px !important;padding-bottom: 40px !important;padding-left: 60px !important;background-color: #fcfcfc !important;}\u00bb][vc_column][vc_column_text css=\u00bb\u00bb]Joinville (SC), 8 de octubre de 2024.<\/p>\n<p>&nbsp;<\/p>\n<p>El Grupo Krona tiene la Privacidad y la Protecci\u00f3n de Datos Personales como una preocupaci\u00f3n constante en sus conexiones con clientes, proveedores, socios y la comunidad en general.<\/p>\n<p>El Programa de Gobernanza en Privacidad y Protecci\u00f3n de Datos del Grupo Krona establece el compromiso de comunicarnos con transparencia sobre c\u00f3mo trataremos los datos personales en nuestras operaciones, de conformidad con la Ley N\u00b0 13.709\/2018 \u2013 Ley General de Protecci\u00f3n de Datos (LGPD), la Ley N\u00b0 12.965\/2014 \u2013 Marco Civil de Internet y dem\u00e1s legislaciones pertinentes al tema.<\/p>\n<p>Este Aviso de Privacidad establece el tratamiento de datos en todas las empresas que forman parte del Grupo Krona.<\/p>\n<p>&nbsp;<\/p>\n<ol>\n<li><strong> Definiciones<\/strong><\/li>\n<\/ol>\n<p>&nbsp;<\/p>\n<ol>\n<li><strong> dato personal:<\/strong> informaci\u00f3n relacionada con una persona natural identificada o identificable;<\/li>\n<li><strong> dato personal sensible<\/strong>: dato personal sobre origen racial o \u00e9tnico, convicci\u00f3n religiosa, opini\u00f3n pol\u00edtica, afiliaci\u00f3n a sindicato o a una organizaci\u00f3n de car\u00e1cter religioso, filos\u00f3fico o pol\u00edtico, dato referente a la salud o a la vida sexual, dato gen\u00e9tico o biom\u00e9trico, cuando est\u00e9 vinculado a una persona natural;<\/li>\n<li><strong> dato anonimizado:<\/strong> dato relativo a un titular que no pueda ser identificado, considerando la utilizaci\u00f3n de medios t\u00e9cnicos razonables y disponibles en el momento de su tratamiento;<\/li>\n<li><strong> anonimizaci\u00f3n:<\/strong> utilizaci\u00f3n de medios t\u00e9cnicos razonables y disponibles en el momento del tratamiento, mediante los cuales un dato pierde la posibilidad de asociaci\u00f3n, directa o indirecta, a un individuo;<\/li>\n<li><strong> titular:<\/strong> persona natural a quien se refieren los datos personales que son objeto de tratamiento;<\/li>\n<li><strong> controlador:<\/strong> persona natural o jur\u00eddica, de derecho p\u00fablico o privado, a quien competen las decisiones referentes al tratamiento de datos personales;<\/li>\n<li><strong> operador:<\/strong> persona natural o jur\u00eddica, de derecho p\u00fablico o privado, que realiza el tratamiento de datos personales en nombre del controlador;<\/li>\n<li><strong> encargado:<\/strong> persona indicada por el controlador y operador para actuar como canal de comunicaci\u00f3n entre el controlador, los titulares de los datos y la Autoridad Nacional de Protecci\u00f3n de Datos (ANPD);<\/li>\n<li><strong> agentes de tratamiento:<\/strong> el controlador y el operador;<\/li>\n<li><strong> tratamiento:<\/strong> toda operaci\u00f3n realizada con datos personales, como las que se refieren a la recolecci\u00f3n, producci\u00f3n, recepci\u00f3n, clasificaci\u00f3n, utilizaci\u00f3n, acceso, reproducci\u00f3n, transmisi\u00f3n, distribuci\u00f3n, procesamiento, archivo, almacenamiento, eliminaci\u00f3n, evaluaci\u00f3n o control de la informaci\u00f3n, modificaci\u00f3n, comunicaci\u00f3n, transferencia, difusi\u00f3n o extracci\u00f3n.<\/li>\n<\/ol>\n<p>&nbsp;<\/p>\n<ol start=\"2\">\n<li><strong> Tratamiento de Datos Personales<\/strong><\/li>\n<\/ol>\n<p>&nbsp;<\/p>\n<p>Durante la ejecuci\u00f3n de nuestras actividades, necesitaremos tratar algunas informaciones personales para alcanzar finalidades espec\u00edficas.<\/p>\n<p>&nbsp;<\/p>\n<p>&nbsp;<\/p>\n<table width=\"602\">\n<tbody>\n<tr>\n<td width=\"148\"><strong>Actividad<\/strong><\/td>\n<td width=\"260\"><strong>Finalidad\u00a0\u00a0 <\/strong><\/td>\n<td width=\"193\"><strong>Tipos de Datos Colectados\u00a0\u00a0 <\/strong><\/td>\n<td width=\"0\"><\/td>\n<\/tr>\n<tr>\n<td rowspan=\"3\" width=\"148\"><strong>Ejecuci\u00f3n de Contratos y Cumplimiento de Obligaciones Legales y Regulatorias<\/strong><\/p>\n<p><strong>Con Clientes, Proveedores, Socios y otros Terceros<\/strong><\/td>\n<td rowspan=\"3\" width=\"260\">Cumplimiento de obligaciones contractuales y legales, gesti\u00f3n de relaci\u00f3n entre las partes, emisi\u00f3n de facturas y otros documentos necesarios.<\/td>\n<td rowspan=\"3\" width=\"193\">Nombre, CPF, direcci\u00f3n, tel\u00e9fono, e-mail.<\/td>\n<td width=\"0\"><\/td>\n<\/tr>\n<tr>\n<td width=\"0\"><\/td>\n<\/tr>\n<tr>\n<td width=\"0\"><\/td>\n<\/tr>\n<tr>\n<td rowspan=\"3\" width=\"148\"><strong>Contactos, Cotizaciones, SAC<\/strong><\/td>\n<td rowspan=\"3\" width=\"260\">Realizaci\u00f3n de atenci\u00f3n eficiente, en casos de dudas, aclaraciones, reclamaciones y\/o solicitudes de presupuestos.<\/td>\n<td rowspan=\"3\" width=\"193\">Nombre, e-mail, tel\u00e9fono, cargo.<\/td>\n<td width=\"0\"><\/td>\n<\/tr>\n<tr>\n<td width=\"0\"><\/td>\n<\/tr>\n<tr>\n<td width=\"0\"><\/td>\n<\/tr>\n<tr>\n<td width=\"148\"><strong>E-mail Marketing<\/strong><\/td>\n<td width=\"260\">Env\u00edo de contenidos sobre productos, lanzamientos, promociones, campa\u00f1as y cualquier informaci\u00f3n relevante sobre el Grupo Krona, manteniendo informado al titular y fortaleciendo la relaci\u00f3n entre las partes.<\/td>\n<td width=\"193\">Nombre, e-mail, tel\u00e9fono, cargo.<\/td>\n<td width=\"0\"><\/td>\n<\/tr>\n<tr>\n<td rowspan=\"4\" width=\"148\"><strong>Campa\u00f1as, Sorteos, Ferias, Acciones de Marketing<\/strong><\/td>\n<td rowspan=\"4\" width=\"260\">Gesti\u00f3n de acciones de publicidad, tales como campa\u00f1as promocionales, sorteos e interacci\u00f3n con los participantes de ferias en las que las empresas del Grupo Krona est\u00e9n presentes.<\/td>\n<td rowspan=\"4\" width=\"193\">&nbsp;<\/p>\n<p>Nombre, correo electr\u00f3nico, tel\u00e9fono, cargo, CPF*, direcci\u00f3n*.<\/p>\n<p>&nbsp;<\/p>\n<p>*si corresponde<\/td>\n<td width=\"0\"><\/td>\n<\/tr>\n<tr>\n<td width=\"0\"><\/td>\n<\/tr>\n<tr>\n<td width=\"0\"><\/td>\n<\/tr>\n<tr>\n<td width=\"0\"><\/td>\n<\/tr>\n<tr>\n<td width=\"148\"><strong>Descarga de Materiales<\/strong><\/td>\n<td width=\"260\">Ofrecimiento de materiales informativos y publicitarios sobre los productos de las empresas del Grupo, tales como cat\u00e1logos de productos, archivos t\u00e9cnicos, informes, archivos institucionales y manual de marca de las empresas del Grupo.<\/td>\n<td width=\"193\">Nombre, e-mail, tel\u00e9fono y cargo.<\/td>\n<td width=\"0\"><\/td>\n<\/tr>\n<tr>\n<td width=\"148\"><strong>Uso y Experiencia en Sitio y Plataformas<\/strong><\/td>\n<td width=\"260\">An\u00e1lisis de la interacci\u00f3n de los usuarios\/visitantes en nuestros sitios y plataformas, mejorando nuestra relevancia en motores de b\u00fasqueda mientras facilitamos la mejor experiencia de accesibilidad y uso para el usuario.<\/td>\n<td width=\"193\">Geolocalizaci\u00f3n y direcci\u00f3n IP.<\/td>\n<td width=\"0\"><\/td>\n<\/tr>\n<\/tbody>\n<\/table>\n<p><strong>\u00a0<\/strong><\/p>\n<ol start=\"3\">\n<li><strong> Finalidades de Tratamiento<\/strong><\/li>\n<\/ol>\n<p>&nbsp;<\/p>\n<p>El Grupo Krona tratar\u00e1 los datos personales para cumplir con las siguientes finalidades:<\/p>\n<ol>\n<li>mediante el suministro de consentimiento por parte del titular, si aplica;<\/li>\n<li>cumplimiento de obligaci\u00f3n legal o regulatoria;<\/li>\n<li>ejecuci\u00f3n de contrato o de procedimientos preliminares;<\/li>\n<li>ejercicio regular de derechos en proceso judicial, administrativo o arbitral;<\/li>\n<li>protecci\u00f3n de la vida o de la integridad f\u00edsica del titular o de terceros;<\/li>\n<li>atenci\u00f3n de intereses leg\u00edtimos del Grupo Krona, respetadas las garant\u00edas y libertades individuales;<\/li>\n<li>protecci\u00f3n del cr\u00e9dito.<\/li>\n<\/ol>\n<p><strong>\u00a0<\/strong><\/p>\n<p><strong>3.1. Tratamiento de Datos Sensibles<\/strong><\/p>\n<p>&nbsp;<\/p>\n<p>As\u00ed como en el uso de cualquier tipo de dato personal, limitaremos el tratamiento de informaciones personales sensibles al m\u00ednimo necesario para alcanzar finalidades leg\u00edtimas, tales como:<\/p>\n<ol>\n<li>mediante el suministro de consentimiento por parte del titular, si aplica;<\/li>\n<li>cumplimiento de obligaci\u00f3n legal o regulatoria;<\/li>\n<li>ejercicio regular de derechos en proceso judicial, administrativo o arbitral;<\/li>\n<li>protecci\u00f3n de la vida o de la integridad f\u00edsica del titular o de terceros;<\/li>\n<li>garant\u00eda de la prevenci\u00f3n del fraude y la seguridad del titular, en los procesos de identificaci\u00f3n y autenticaci\u00f3n de registro en sistemas electr\u00f3nicos, respetadas las garant\u00edas y libertades individuales.<\/li>\n<\/ol>\n<p>&nbsp;<\/p>\n<ol start=\"4\">\n<li><strong> Seguridad de la Informaci\u00f3n<\/strong><\/li>\n<\/ol>\n<p>&nbsp;<\/p>\n<p>Su privacidad importa. Por ello, resaltamos nuestro s\u00f3lido compromiso con la protecci\u00f3n de los datos personales. Invertimos en tecnolog\u00eda de punta y en un equipo especializado para garantizar la protecci\u00f3n de los datos personales. Por esto, adoptamos las mejores pr\u00e1cticas de seguridad para proteger la informaci\u00f3n tratada en las actividades del d\u00eda a d\u00eda y los procesos son constantemente actualizados para cumplir con los m\u00e1s altos est\u00e1ndares de seguridad. Adem\u00e1s, nuestros colaboradores son capacitados para manejar los datos de forma responsable y \u00e9tica, firmando t\u00e9rminos de confidencialidad para reforzar este compromiso.<\/p>\n<p>&nbsp;<\/p>\n<ol start=\"5\">\n<li><strong> Compartimiento con Terceros<\/strong><\/li>\n<\/ol>\n<p>&nbsp;<\/p>\n<p>El Grupo Krona compartir\u00e1 sus datos con terceros en las siguientes hip\u00f3tesis:<\/p>\n<ol>\n<li>sucesi\u00f3n empresarial, como fusi\u00f3n, adquisici\u00f3n e incorporaci\u00f3n, manteniendo las finalidades y condiciones m\u00ednimas de seguridad y legitimidad.<\/li>\n<li>contrataci\u00f3n de servicios de procesamiento de datos con terceros (operadores), tales como hospedaje de datos, sistemas de procesamiento (servicios de computaci\u00f3n en la nube, inteligencia artificial para eficiencia de procesos), consultor\u00eda en tecnolog\u00eda de la informaci\u00f3n, servicios de publicidad y marketing, servicios de facturaci\u00f3n de cr\u00e9ditos (financieros) y servicios de asesor\u00eda legal.<\/li>\n<\/ol>\n<p>Tales terceros estar\u00e1n sujetos a las \u00f3rdenes y determinaciones del Grupo Krona, que adoptar\u00e1 y exigir\u00e1 las mejores medidas de seguridad aplicables, seg\u00fan se determina en el \u00edtem \u201cSeguridad de la Informaci\u00f3n\u201d. Es posible que alguna empresa del Grupo Krona sea demandada a compartir los datos con autoridades judiciales, administrativas o policiales para cumplir con obligaciones legales.<\/p>\n<p>&nbsp;<\/p>\n<p><strong>5.1. Transferencia Internacional de Datos<\/strong><\/p>\n<p>&nbsp;<\/p>\n<p>Algunos de los procesadores directos e indirectos de datos, como servicios de hospedaje de datos, pueden estar fuera del territorio brasile\u00f1o. Aseguramos el cumplimiento de las exigencias legales derivadas de las normas de protecci\u00f3n de datos personales, principalmente en lo que respecta a la exigencia de terceros de asumir el Compromiso con los T\u00e9rminos de Seguridad de la Informaci\u00f3n y Protecci\u00f3n de Datos Personales.<\/p>\n<p>&nbsp;<\/p>\n<ol start=\"6\">\n<li><strong> Per\u00edodo de Almacenamiento y Retenci\u00f3n de la Informaci\u00f3n<\/strong><\/li>\n<\/ol>\n<p>&nbsp;<\/p>\n<p>Los datos personales ser\u00e1n almacenados por nosotros por el tiempo necesario para cumplir con las finalidades descritas en este Aviso. El Grupo Krona se compromete a respetar los principios fundamentales de la LGPD mientras las informaciones personales sean tratadas para la ejecuci\u00f3n de nuestras actividades.<\/p>\n<p>Las informaciones relacionadas con marketing, ya sea a trav\u00e9s de e-mail, tel\u00e9fono u otra forma de comunicaci\u00f3n de las acciones promocionales, ser\u00e1n utilizadas por el Grupo Krona hasta que el titular se oponga. No se preocupe, respetaremos su decisi\u00f3n de no ser molestado, basta con solicitar la exclusi\u00f3n de este tipo de servicio o, en el caso de e-mail marketing, darse de baja a trav\u00e9s del enlace al final de nuestros e-mails.<\/p>\n<p>Aclaramos que es posible que usted vuelva a recibir contactos y contenidos promocionales\/institucionales si interact\u00faa nuevamente con alguna empresa del Grupo Krona. Tambi\u00e9n almacenaremos los registros de acceso (\u201clogs\u201d) a nuestro sitio y plataformas por, al menos, 6 (seis) meses, en respeto a las obligaciones establecidas en el Marco Civil de Internet.<\/p>\n<p>&nbsp;<\/p>\n<ol start=\"7\">\n<li><strong> Cookies<\/strong><\/li>\n<\/ol>\n<p>&nbsp;<\/p>\n<p>Para la gesti\u00f3n de las funcionalidades de nuestros sitios y mejora de la experiencia del usuario que utiliza nuestras plataformas, podremos recopilar cookies para optimizar la navegaci\u00f3n.<\/p>\n<p>Es posible gestionar o desactivar el uso de cookies, en cualquier momento, a trav\u00e9s del aviso de cookies en nuestra p\u00e1gina principal o, a\u00fan, a trav\u00e9s de su propio navegador.<\/p>\n<p>Si se opta por desactivar algunos tipos de cookies, resaltamos que algunas funcionalidades del sitio pueden dejar de funcionar completamente.<\/p>\n<p>&nbsp;<\/p>\n<ol start=\"8\">\n<li><strong> Derechos del Titular<\/strong><\/li>\n<\/ol>\n<p>&nbsp;<\/p>\n<p>La Ley General de Protecci\u00f3n de Datos otorga diversas garant\u00edas a los titulares. Conozca algunos de los derechos a continuaci\u00f3n:<\/p>\n<p>&nbsp;<\/p>\n<ol>\n<li>derecho a la confirmaci\u00f3n de la existencia de tratamiento de datos;<\/li>\n<li>derecho al acceso a informaci\u00f3n sobre el tratamiento de datos;<\/li>\n<li>derecho a la rectificaci\u00f3n de sus datos;<\/li>\n<li>derecho a la portabilidad de los datos, si y cuando aplique;<\/li>\n<li>derecho a la oposici\u00f3n del uso de los datos para finalidad previamente autorizada;<\/li>\n<li>derecho a la eliminaci\u00f3n de los datos, salvo la conservaci\u00f3n de los datos necesarios para el cumplimiento de deber legal y el ejercicio del derecho de defensa en proceso judicial y\/o administrativo.<\/li>\n<\/ol>\n<p>&nbsp;<\/p>\n<ol start=\"9\">\n<li><strong> Disposiciones Finales<\/strong><\/li>\n<\/ol>\n<p>&nbsp;<\/p>\n<p>Este aviso podr\u00e1 ser modificado en cualquier momento para atender a cuestiones legales y\/o para estar de acuerdo con las finalidades de tratamiento realizadas por el Grupo Krona. Recomendamos la lectura y seguimiento continuo de este documento.<\/p>\n<p>En caso de dudas o eventuales solicitudes, cont\u00e1ctese con el encargado del tratamiento de datos en el Grupo Krona a trav\u00e9s del canal: protecaodedados@krona.com.br.<\/p>\n<p>Encargado: Norival da Silva Junior, socio de Silva, Santana &amp; Teston Abogados (CNPJ: 05.935.180\/0001-17).[\/vc_column_text][\/vc_column][\/vc_row]<\/p>\n<\/div>","protected":false},"excerpt":{"rendered":"<p>[vc_row css=\u00bb.vc_custom_1732029528123{padding-top: 40px !important;padding-right: 60px !important;padding-bottom: 40px !important;padding-left: 60px !important;background-color: #fcfcfc !important;}\u00bb][vc_column][vc_column_text css=\u00bb\u00bb]Joinville (SC), 8 de octubre de 2024. &nbsp; El Grupo Krona tiene la Privacidad y la Protecci\u00f3n de Datos Personales como una preocupaci\u00f3n constante en sus conexiones con clientes, proveedores, socios y la comunidad en general. El Programa de Gobernanza en Privacidad y&hellip;<\/p>\n","protected":false},"author":2,"featured_media":0,"parent":0,"menu_order":0,"comment_status":"closed","ping_status":"closed","template":"template-microsite.php","meta":{"footnotes":""},"class_list":["post-2923","page","type-page","status-publish","hentry","description-off"],"_links":{"self":[{"href":"https:\/\/www.elleve.ind.br\/es\/wp-json\/wp\/v2\/pages\/2923","targetHints":{"allow":["GET"]}}],"collection":[{"href":"https:\/\/www.elleve.ind.br\/es\/wp-json\/wp\/v2\/pages"}],"about":[{"href":"https:\/\/www.elleve.ind.br\/es\/wp-json\/wp\/v2\/types\/page"}],"author":[{"embeddable":true,"href":"https:\/\/www.elleve.ind.br\/es\/wp-json\/wp\/v2\/users\/2"}],"replies":[{"embeddable":true,"href":"https:\/\/www.elleve.ind.br\/es\/wp-json\/wp\/v2\/comments?post=2923"}],"version-history":[{"count":9,"href":"https:\/\/www.elleve.ind.br\/es\/wp-json\/wp\/v2\/pages\/2923\/revisions"}],"predecessor-version":[{"id":4387,"href":"https:\/\/www.elleve.ind.br\/es\/wp-json\/wp\/v2\/pages\/2923\/revisions\/4387"}],"wp:attachment":[{"href":"https:\/\/www.elleve.ind.br\/es\/wp-json\/wp\/v2\/media?parent=2923"}],"curies":[{"name":"wp","href":"https:\/\/api.w.org\/{rel}","templated":true}]}}