{"id":3267,"date":"2022-01-21T10:17:05","date_gmt":"2022-01-21T13:17:05","guid":{"rendered":"https:\/\/www.elleve.ind.br\/multimaster-line-copy\/"},"modified":"2023-09-01T15:52:59","modified_gmt":"2023-09-01T18:52:59","slug":"public-line","status":"publish","type":"page","link":"https:\/\/www.elleve.ind.br\/es\/public-line\/","title":{"rendered":"Public"},"content":{"rendered":"<div class=\"wpb-content-wrapper\"><p>[vc_row full_width=\u00bbstretch_row_content_no_spaces\u00bb][vc_column][vc_single_image image=\u00bb3225&#8243; img_size=\u00bbfull\u00bb alignment=\u00bbcenter\u00bb][\/vc_column][\/vc_row][vc_row css=\u00bb.vc_custom_1579484253588{margin-top: 30px !important;}\u00bb][vc_column width=\u00bb1\/3&#8243;][vc_single_image image=\u00bb3365&#8243; img_size=\u00bbfull\u00bb][\/vc_column][vc_column width=\u00bb1\/3&#8243;][vc_custom_heading text=\u00bbUna l\u00ednea profesional,<br \/>\npara ambientes que requieren<br \/>\nun alto n\u00edvel de limpieza.\u00bb font_container=\u00bbtag:div|font_size:24px|text_align:right|color:%236b6661|line_height:30px\u00bb use_theme_fonts=\u00bbyes\u00bb][\/vc_column][vc_column width=\u00bb1\/3&#8243;][\/vc_column][\/vc_row][vc_row][vc_column width=\u00bb2\/3&#8243;][vc_separator color=\u00bbcustom\u00bb border_width=\u00bb3&#8243; accent_color=\u00bb#f6f4f1&#8243;][vc_row_inner][vc_column_inner width=\u00bb1\/4&#8243;][vc_column_text]Ideal para \u00e1reas con gran movimiento de gente.<\/p>\n<p>Rejilla 100% de acero inoxidable, para espacios que requieren un alto nivel de limpieza.[\/vc_column_text][vc_single_image image=\u00bb1933&#8243; img_size=\u00bbfull\u00bb][vc_btn title=\u00bbEntre en Contacto\u00bb style=\u00bbcustom\u00bb custom_background=\u00bb#5a2f79&#8243; custom_text=\u00bb#ffffff\u00bb shape=\u00bbsquare\u00bb align=\u00bbleft\u00bb link=\u00bburl:%2Fcontato|||\u00bb][\/vc_column_inner][vc_column_inner width=\u00bb3\/4&#8243;]<div id=\"ult-carousel-22307275526a0485989e770\" class=\"ult-carousel-wrapper   ult_horizontal\" data-gutter=\"15\" data-rtl=\"false\" ><div class=\"ult-carousel-27579964426a0485989e643 \" >[vc_single_image image=\u00bb3228&#8243; img_size=\u00bbfull\u00bb alignment=\u00bbcenter\u00bb][vc_single_image image=\u00bb3230&#8243; img_size=\u00bbfull\u00bb alignment=\u00bbcenter\u00bb][vc_single_image image=\u00bb3232&#8243; img_size=\u00bbfull\u00bb alignment=\u00bbcenter\u00bb]<\/div><\/div>\t\t\t<script type=\"text\/javascript\">\n\t\t\t\tjQuery(document).ready(function ($) {\n\t\t\t\t\tif( typeof jQuery('.ult-carousel-27579964426a0485989e643').slick == \"function\"){\n\t\t\t\t\t\t$('.ult-carousel-27579964426a0485989e643').slick({dots: true,autoplay: true,autoplaySpeed: \"5000\",speed: \"300\",infinite: true,arrows: false,slidesToScroll:1,slidesToShow:1,swipe: true,draggable: true,touchMove: true,pauseOnHover: true,pauseOnFocus: false,responsive: [\n\t\t\t\t\t\t\t{\n\t\t\t\t\t\t\t  breakpoint: 1026,\n\t\t\t\t\t\t\t  settings: {\n\t\t\t\t\t\t\t\tslidesToShow: 1,\n\t\t\t\t\t\t\t\tslidesToScroll: 1,  \n\t\t\t\t\t\t\t  }\n\t\t\t\t\t\t\t},\n\t\t\t\t\t\t\t{\n\t\t\t\t\t\t\t  breakpoint: 1025,\n\t\t\t\t\t\t\t  settings: {\n\t\t\t\t\t\t\t\tslidesToShow: 1,\n\t\t\t\t\t\t\t\tslidesToScroll: 1\n\t\t\t\t\t\t\t  }\n\t\t\t\t\t\t\t},\n\t\t\t\t\t\t\t{\n\t\t\t\t\t\t\t  breakpoint: 760,\n\t\t\t\t\t\t\t  settings: {\n\t\t\t\t\t\t\t\tslidesToShow: 1,\n\t\t\t\t\t\t\t\tslidesToScroll: 1\n\t\t\t\t\t\t\t  }\n\t\t\t\t\t\t\t}\n\t\t\t\t\t\t],pauseOnDotsHover: true,customPaging: function(slider, i) {\n                   return '<i type=\"button\" style= \"color:#5a2f79;\" class=\"ultsl-checkbox-partial\" data-role=\"none\"><\/i>';\n                },});\n\t\t\t\t\t}\n\t\t\t\t});\n\t\t\t<\/script>\n\t\t\t[\/vc_column_inner][\/vc_row_inner][\/vc_column][vc_column width=\u00bb1\/3&#8243;][vc_wp_custommenu nav_menu=\u00bb18&#8243;][\/vc_column][\/vc_row][vc_row full_width=\u00bbstretch_row\u00bb css=\u00bb.vc_custom_1579489339146{padding-top: 20px !important;padding-bottom: 20px !important;background-color: #f7f4f1 !important;}\u00bb][vc_column][vc_row_inner equal_height=\u00bbyes\u00bb][vc_column_inner width=\u00bb1\/4&#8243;][vc_column_text]\u2713 Mayor absorci\u00f3n de agua[\/vc_column_text][vc_column_text]\u2713 Solapa de seguridad contra infiltraci\u00f3n[\/vc_column_text][\/vc_column_inner][vc_column_inner width=\u00bb1\/4&#8243;][vc_column_text]\u2713 F\u00e1cil de limpiar[\/vc_column_text][vc_column_text]\u2713 Menor espesor de la base, que reduce cortes en la losa al momento de la instalaci\u00f3n[\/vc_column_text][\/vc_column_inner][vc_column_inner width=\u00bb1\/4&#8243;][vc_column_text]\u2713 Opciones de acabado[\/vc_column_text][vc_column_text]\u2713 Rejilla retenedora perforada extra\u00edble, para la retenci\u00f3n de residuos[\/vc_column_text][\/vc_column_inner][vc_column_inner width=\u00bb1\/4&#8243;][vc_single_image image=\u00bb2074&#8243; img_size=\u00bbfull\u00bb][\/vc_column_inner][\/vc_row_inner][\/vc_column][\/vc_row][vc_row css=\u00bb.vc_custom_1579486636803{margin-top: 10px !important;}\u00bb][vc_column][vc_custom_heading text=\u00bbM\u00e1s detalles del producto\u00bb font_container=\u00bbtag:div|font_size:24px|text_align:left|color:%236b6661|line_height:30px\u00bb use_theme_fonts=\u00bbyes\u00bb][vc_separator color=\u00bbcustom\u00bb border_width=\u00bb3&#8243; accent_color=\u00bb#f6f4f1&#8243; css=\u00bb.vc_custom_1579486629306{margin-top: 20px !important;}\u00bb][\/vc_column][\/vc_row][vc_row full_width=\u00bbstretch_row\u00bb gap=\u00bb10&#8243; equal_height=\u00bbyes\u00bb css=\u00bb.vc_custom_1579487571993{margin-right: 1px !important;margin-left: 1px !important;}\u00bb][vc_column width=\u00bb1\/4&#8243; css=\u00bb.vc_custom_1579486966526{border-top-width: 1px !important;border-right-width: 1px !important;border-bottom-width: 1px !important;border-left-width: 1px !important;border-left-color: #dbd9d7 !important;border-left-style: solid !important;border-right-color: #dbd9d7 !important;border-right-style: solid !important;border-top-color: #dbd9d7 !important;border-top-style: solid !important;border-bottom-color: #dbd9d7 !important;border-bottom-style: solid !important;}\u00bb][vc_custom_heading text=\u00bbOpciones de tapa\u00bb font_container=\u00bbtag:div|font_size:20px|text_align:left|color:%235a2f79|line_height:24px\u00bb use_theme_fonts=\u00bbyes\u00bb css=\u00bb.vc_custom_1584024169808{padding-bottom: 20px !important;}\u00bb][vc_column_text]\u2713 Tapa de Acero Inoxidable (Acero Inoxidable 304)[\/vc_column_text][vc_column_text]\u2713 Subtapa Oculta (Acero Inoxidable 304)[\/vc_column_text][\/vc_column][vc_column width=\u00bb1\/4&#8243; css=\u00bb.vc_custom_1579487156384{border-top-width: 1px !important;border-right-width: 1px !important;border-bottom-width: 1px !important;border-left-width: 1px !important;border-left-color: #dbd9d7 !important;border-left-style: solid !important;border-right-color: #dbd9d7 !important;border-right-style: solid !important;border-top-color: #dbd9d7 !important;border-top-style: solid !important;border-bottom-color: #dbd9d7 !important;border-bottom-style: solid !important;}\u00bb][vc_custom_heading text=\u00bbOpciones de Base\u00bb font_container=\u00bbtag:div|font_size:20px|text_align:left|color:%235a2f79|line_height:24px\u00bb use_theme_fonts=\u00bbyes\u00bb css=\u00bb.vc_custom_1584024225689{padding-bottom: 20px !important;}\u00bb][vc_column_text]\u2713 Acero Inoxidable 304[\/vc_column_text][\/vc_column][vc_column width=\u00bb1\/4&#8243; css=\u00bb.vc_custom_1579487160868{border-top-width: 1px !important;border-right-width: 1px !important;border-bottom-width: 1px !important;border-left-width: 1px !important;border-left-color: #dbd9d7 !important;border-left-style: solid !important;border-right-color: #dbd9d7 !important;border-right-style: solid !important;border-top-color: #dbd9d7 !important;border-top-style: solid !important;border-bottom-color: #dbd9d7 !important;border-bottom-style: solid !important;}\u00bb][vc_custom_heading text=\u00bbDimensiones\u00bb font_container=\u00bbtag:div|font_size:20px|text_align:left|color:%235a2f79|line_height:24px\u00bb use_theme_fonts=\u00bbyes\u00bb css=\u00bb.vc_custom_1584024266306{padding-bottom: 20px !important;}\u00bb][vc_column_text]<strong>Base: <\/strong>500mm \/ 1300mm<br \/>\n<strong>Altura:\u00a0<\/strong>55,8mm<br \/>\n<strong>Ancho:\u00a0<\/strong>160mm<br \/>\n<strong>Longitud:\u00a0<\/strong>500mm \/ 1300mm[\/vc_column_text][\/vc_column][vc_column width=\u00bb1\/4&#8243; css=\u00bb.vc_custom_1579487165071{border-top-width: 1px !important;border-right-width: 1px !important;border-bottom-width: 1px !important;border-left-width: 1px !important;border-left-color: #dbd9d7 !important;border-left-style: solid !important;border-right-color: #dbd9d7 !important;border-right-style: solid !important;border-top-color: #dbd9d7 !important;border-top-style: solid !important;border-bottom-color: #dbd9d7 !important;border-bottom-style: solid !important;}\u00bb][vc_custom_heading text=\u00bbSugerencias de uso\u00bb font_container=\u00bbtag:div|font_size:20px|text_align:left|color:%235a2f79|line_height:24px\u00bb use_theme_fonts=\u00bbyes\u00bb css=\u00bb.vc_custom_1584024352598{padding-bottom: 20px !important;}\u00bb][vc_column_text]\u2713 Areas con alta circulaci\u00f3n de personas y que requieren un alto nivel de limpieza, como \u00e1reas hospitalarias y cocinas industriales.[\/vc_column_text][\/vc_column][\/vc_row][vc_row full_width=\u00bbstretch_row\u00bb css=\u00bb.vc_custom_1579487599041{margin-top: 30px !important;}\u00bb][vc_column width=\u00bb1\/2&#8243;][vc_custom_heading text=\u00bbAccesorios que vienen con el producto:\u00bb font_container=\u00bbtag:div|font_size:24px|text_align:left|color:%236b6661|line_height:30px\u00bb use_theme_fonts=\u00bbyes\u00bb][vc_separator color=\u00bbcustom\u00bb border_width=\u00bb3&#8243; accent_color=\u00bb#f6f4f1&#8243; css=\u00bb.vc_custom_1579486629306{margin-top: 20px !important;}\u00bb][\/vc_column][vc_column width=\u00bb1\/2&#8243;][vc_custom_heading text=\u00bbAccesorios compatibles:\u00bb font_container=\u00bbtag:div|font_size:24px|text_align:left|color:%236b6661|line_height:30px\u00bb use_theme_fonts=\u00bbyes\u00bb][vc_separator color=\u00bbcustom\u00bb border_width=\u00bb3&#8243; accent_color=\u00bb#f6f4f1&#8243; css=\u00bb.vc_custom_1579486629306{margin-top: 20px !important;}\u00bb][\/vc_column][\/vc_row][vc_row full_width=\u00bbstretch_row\u00bb gap=\u00bb10&#8243; equal_height=\u00bbyes\u00bb css=\u00bb.vc_custom_1579488694329{margin-right: 1px !important;margin-left: 1px !important;}\u00bb][vc_column width=\u00bb1\/2&#8243; css=\u00bb.vc_custom_1579486728847{border-top-width: 1px !important;border-right-width: 1px !important;border-bottom-width: 1px !important;border-left-width: 1px !important;border-left-color: #dbd9d7 !important;border-left-style: solid !important;border-right-color: #dbd9d7 !important;border-right-style: solid !important;border-top-color: #dbd9d7 !important;border-top-style: solid !important;border-bottom-color: #dbd9d7 !important;border-bottom-style: solid !important;}\u00bb][vc_custom_heading text=\u00bbV\u00c1LVULA DE RETENCI\u00d3N:\u00bb font_container=\u00bbtag:p|font_size:18px|text_align:left|color:%235a2f79|line_height:20px\u00bb google_fonts=\u00bbfont_family:Open%20Sans%3A300%2C300italic%2Cregular%2Citalic%2C600%2C600italic%2C700%2C700italic%2C800%2C800italic|font_style:700%20bold%20regular%3A700%3Anormal\u00bb css=\u00bb.vc_custom_1584024514252{margin-bottom: 0px !important;padding-bottom: 0px !important;}\u00bb][vc_row_inner gap=\u00bb10&#8243; css=\u00bb.vc_custom_1580302707370{margin-top: 0px !important;}\u00bb][vc_column_inner width=\u00bb1\/3&#8243; css=\u00bb.vc_custom_1580302381253{border-right-width: 0px !important;padding-right: 20px !important;}\u00bb][vc_single_image image=\u00bb2037&#8243; img_size=\u00bbfull\u00bb alignment=\u00bbcenter\u00bb][\/vc_column_inner][vc_column_inner width=\u00bb2\/3&#8243;][vc_column_text]V\u00e1lvula que abre solamente para el paso de agua y se cierra autom\u00e1tica-mente cuando el flujo termina, el sistema impide el retorno del agua y de los insectos del desag\u00fce.<\/p>\n<p>Con licencia del Grupo Linear\u00ae[\/vc_column_text][\/vc_column_inner][\/vc_row_inner][vc_empty_space height=\u00bb30px\u00bb][vc_custom_heading text=\u00bbREJILLA RETENEDORA\u00bb font_container=\u00bbtag:p|font_size:18px|text_align:left|color:%235a2f79|line_height:20px\u00bb google_fonts=\u00bbfont_family:Open%20Sans%3A300%2C300italic%2Cregular%2Citalic%2C600%2C600italic%2C700%2C700italic%2C800%2C800italic|font_style:700%20bold%20regular%3A700%3Anormal\u00bb css=\u00bb.vc_custom_1584024618045{margin-bottom: 0px !important;padding-bottom: 0px !important;}\u00bb][vc_row_inner gap=\u00bb10&#8243; css=\u00bb.vc_custom_1580302748352{margin-top: 0px !important;}\u00bb][vc_column_inner width=\u00bb1\/3&#8243; css=\u00bb.vc_custom_1580302390790{border-right-width: 0px !important;padding-right: 20px !important;}\u00bb][vc_single_image image=\u00bb3236&#8243; img_size=\u00bbfull\u00bb alignment=\u00bbcenter\u00bb][\/vc_column_inner][vc_column_inner width=\u00bb2\/3&#8243;][vc_column_text]Rejilla interior perforada extra\u00edble para la retenci\u00f3n de residuos.<\/p>\n<p>Con licencia del Grupo Linear\u00ae[\/vc_column_text][\/vc_column_inner][\/vc_row_inner][vc_empty_space height=\u00bb30px\u00bb][\/vc_column][vc_column width=\u00bb1\/2&#8243; css=\u00bb.vc_custom_1579487245558{border-top-width: 1px !important;border-right-width: 1px !important;border-bottom-width: 1px !important;border-left-width: 1px !important;border-left-color: #dbd9d7 !important;border-left-style: solid !important;border-right-color: #dbd9d7 !important;border-right-style: solid !important;border-top-color: #dbd9d7 !important;border-top-style: solid !important;border-bottom-color: #dbd9d7 !important;border-bottom-style: solid !important;}\u00bb][vc_custom_heading text=\u00bbUNI\u00d3N ACOPLABLE\u00bb font_container=\u00bbtag:p|font_size:18px|text_align:left|color:%235a2f79|line_height:20px\u00bb google_fonts=\u00bbfont_family:Open%20Sans%3A300%2C300italic%2Cregular%2Citalic%2C600%2C600italic%2C700%2C700italic%2C800%2C800italic|font_style:700%20bold%20regular%3A700%3Anormal\u00bb css=\u00bb.vc_custom_1584024696663{margin-bottom: 0px !important;padding-bottom: 0px !important;}\u00bb][vc_row_inner gap=\u00bb10&#8243; css=\u00bb.vc_custom_1580302852218{margin-top: 0px !important;}\u00bb][vc_column_inner width=\u00bb1\/4&#8243; css=\u00bb.vc_custom_1580302412138{border-right-width: 0px !important;padding-right: 20px !important;}\u00bb][vc_single_image image=\u00bb2053&#8243; img_size=\u00bbfull\u00bb alignment=\u00bbcenter\u00bb][\/vc_column_inner][vc_column_inner width=\u00bb3\/4&#8243;][vc_column_text]Utilizada para acoplar la Rejilla a la Caja Sifonada o Sif\u00f3n.<\/p>\n<p>Con licencia del Grupo Linear\u00ae.[\/vc_column_text][\/vc_column_inner][\/vc_row_inner][vc_empty_space height=\u00bb30px\u00bb][vc_custom_heading text=\u00bbUNI\u00d3N DE REDUCCI\u00d3N\u00bb font_container=\u00bbtag:p|font_size:18px|text_align:left|color:%235a2f79|line_height:20px\u00bb google_fonts=\u00bbfont_family:Open%20Sans%3A300%2C300italic%2Cregular%2Citalic%2C600%2C600italic%2C700%2C700italic%2C800%2C800italic|font_style:700%20bold%20regular%3A700%3Anormal\u00bb css=\u00bb.vc_custom_1584024742533{margin-bottom: 0px !important;padding-bottom: 0px !important;}\u00bb][vc_row_inner gap=\u00bb10&#8243; css=\u00bb.vc_custom_1580302889811{margin-top: 0px !important;}\u00bb][vc_column_inner width=\u00bb1\/4&#8243; css=\u00bb.vc_custom_1580302428192{border-right-width: 0px !important;padding-right: 20px !important;}\u00bb][vc_single_image image=\u00bb2055&#8243; img_size=\u00bbfull\u00bb alignment=\u00bbcenter\u00bb][\/vc_column_inner][vc_column_inner width=\u00bb3\/4&#8243;][vc_column_text]Uni\u00f3n de Reducci\u00f3n Invertida 50mm. Los diversos modelos de Rejillas del Grupo Linear tienen el di\u00e1metro de salida est\u00e1ndar de 50 mm, y la uni\u00f3n de reducci\u00f3n ofrece el perfecto ajuste para conexiones en los accesos laterales de las cajas sifonadas\/sif\u00f3n.<\/p>\n<p>Con licencia del Grupo Linear\u00ae.[\/vc_column_text][\/vc_column_inner][\/vc_row_inner][vc_empty_space height=\u00bb30px\u00bb][vc_custom_heading text=\u00bbM\u00c1S INFORMACI\u00d3N SOBRE LOS ACCESORIOS NOVII:\u00bb font_container=\u00bbtag:p|font_size:18px|text_align:left|color:%235a2f79|line_height:20px\u00bb google_fonts=\u00bbfont_family:Open%20Sans%3A300%2C300italic%2Cregular%2Citalic%2C600%2C600italic%2C700%2C700italic%2C800%2C800italic|font_style:700%20bold%20regular%3A700%3Anormal\u00bb css=\u00bb.vc_custom_1584024808825{margin-bottom: 0px !important;padding-bottom: 0px !important;}\u00bb][vc_row_inner gap=\u00bb10&#8243; css=\u00bb.vc_custom_1580302915837{margin-top: 0px !important;}\u00bb][vc_column_inner css=\u00bb.vc_custom_1579488688401{padding-right: 20px !important;}\u00bb][vc_single_image image=\u00bb2057&#8243; img_size=\u00bbfull\u00bb onclick=\u00bbcustom_link\u00bb img_link_target=\u00bb_blank\u00bb link=\u00bbhttps:\/\/www.novii.ind.br\u00bb][\/vc_column_inner][\/vc_row_inner][\/vc_column][\/vc_row]<\/p>\n<\/div>","protected":false},"excerpt":{"rendered":"<p>[vc_row full_width=\u00bbstretch_row_content_no_spaces\u00bb][vc_column][vc_single_image image=\u00bb3225&#8243; img_size=\u00bbfull\u00bb alignment=\u00bbcenter\u00bb][\/vc_column][\/vc_row][vc_row css=\u00bb.vc_custom_1579484253588{margin-top: 30px !important;}\u00bb][vc_column width=\u00bb1\/3&#8243;][vc_single_image image=\u00bb3365&#8243; img_size=\u00bbfull\u00bb][\/vc_column][vc_column width=\u00bb1\/3&#8243;][vc_custom_heading text=\u00bbUna l\u00ednea profesional, para ambientes que requieren un alto n\u00edvel de limpieza.\u00bb font_container=\u00bbtag:div|font_size:24px|text_align:right|color:%236b6661|line_height:30px\u00bb use_theme_fonts=\u00bbyes\u00bb][\/vc_column][vc_column width=\u00bb1\/3&#8243;][\/vc_column][\/vc_row][vc_row][vc_column width=\u00bb2\/3&#8243;][vc_separator color=\u00bbcustom\u00bb border_width=\u00bb3&#8243; accent_color=\u00bb#f6f4f1&#8243;][vc_row_inner][vc_column_inner width=\u00bb1\/4&#8243;][vc_column_text]Ideal para \u00e1reas con gran movimiento de gente. Rejilla 100% de acero inoxidable, para espacios que requieren un alto nivel de limpieza.[\/vc_column_text][vc_single_image image=\u00bb1933&#8243; img_size=\u00bbfull\u00bb][vc_btn&hellip;<\/p>\n","protected":false},"author":1,"featured_media":0,"parent":0,"menu_order":0,"comment_status":"closed","ping_status":"closed","template":"template-microsite.php","meta":{"footnotes":""},"class_list":["post-3267","page","type-page","status-publish","hentry","description-off"],"_links":{"self":[{"href":"https:\/\/www.elleve.ind.br\/es\/wp-json\/wp\/v2\/pages\/3267","targetHints":{"allow":["GET"]}}],"collection":[{"href":"https:\/\/www.elleve.ind.br\/es\/wp-json\/wp\/v2\/pages"}],"about":[{"href":"https:\/\/www.elleve.ind.br\/es\/wp-json\/wp\/v2\/types\/page"}],"author":[{"embeddable":true,"href":"https:\/\/www.elleve.ind.br\/es\/wp-json\/wp\/v2\/users\/1"}],"replies":[{"embeddable":true,"href":"https:\/\/www.elleve.ind.br\/es\/wp-json\/wp\/v2\/comments?post=3267"}],"version-history":[{"count":5,"href":"https:\/\/www.elleve.ind.br\/es\/wp-json\/wp\/v2\/pages\/3267\/revisions"}],"predecessor-version":[{"id":3404,"href":"https:\/\/www.elleve.ind.br\/es\/wp-json\/wp\/v2\/pages\/3267\/revisions\/3404"}],"wp:attachment":[{"href":"https:\/\/www.elleve.ind.br\/es\/wp-json\/wp\/v2\/media?parent=3267"}],"curies":[{"name":"wp","href":"https:\/\/api.w.org\/{rel}","templated":true}]}}