{"id":3997,"date":"2024-03-05T16:55:59","date_gmt":"2024-03-05T19:55:59","guid":{"rendered":"https:\/\/www.elleve.ind.br\/nicho\/"},"modified":"2025-02-25T15:16:26","modified_gmt":"2025-02-25T18:16:26","slug":"nicho","status":"publish","type":"page","link":"https:\/\/www.elleve.ind.br\/es\/nicho\/","title":{"rendered":"Nicho"},"content":{"rendered":"<div class=\"wpb-content-wrapper\"><p>[vc_row full_width=\u00bbstretch_row_content_no_spaces\u00bb][vc_column][vc_single_image image=\u00bb3877&#8243; img_size=\u00bbfull\u00bb alignment=\u00bbcenter\u00bb][\/vc_column][\/vc_row][vc_row css=\u00bb.vc_custom_1579484253588{margin-top: 30px !important;}\u00bb][vc_column width=\u00bb1\/3&#8243;][vc_single_image image=\u00bb3902&#8243; img_size=\u00bbfull\u00bb][\/vc_column][vc_column width=\u00bb1\/3&#8243;][vc_custom_heading text=\u00bbElegancia que a\u00f1ade<br \/>\nvalor al ambiente\u00bb font_container=\u00bbtag:div|font_size:24px|text_align:right|color:%236b6661|line_height:30px\u00bb use_theme_fonts=\u00bbyes\u00bb][\/vc_column][vc_column width=\u00bb1\/3&#8243;][\/vc_column][\/vc_row][vc_row][vc_column width=\u00bb2\/3&#8243;][vc_separator color=\u00bbcustom\u00bb border_width=\u00bb3&#8243; accent_color=\u00bb#f6f4f1&#8243;][vc_row_inner][vc_column_inner width=\u00bb1\/4&#8243;][vc_column_text]<span style=\"color: #5a2f79;\">Pr\u00e1ctico e indispensable para organizar ambientes, como los cuartos de ba\u00f1o.<\/span>[\/vc_column_text][vc_single_image image=\u00bb1933&#8243; img_size=\u00bbfull\u00bb][vc_btn title=\u00bbEntre en Contacto\u00bb style=\u00bbcustom\u00bb custom_background=\u00bb#5a2f79&#8243; custom_text=\u00bb#ffffff\u00bb shape=\u00bbsquare\u00bb align=\u00bbleft\u00bb link=\u00bburl:%2Fcontato|||\u00bb][\/vc_column_inner][vc_column_inner width=\u00bb3\/4&#8243;]<div id=\"ult-carousel-37073531956a0484c4277c8\" class=\"ult-carousel-wrapper   ult_horizontal\" data-gutter=\"15\" data-rtl=\"false\" ><div class=\"ult-carousel-1015463386a0484c4276b6 \" >[vc_single_image image=\u00bb3985&#8243; img_size=\u00bbfull\u00bb alignment=\u00bbcenter\u00bb][vc_single_image image=\u00bb3982&#8243; img_size=\u00bbfull\u00bb alignment=\u00bbcenter\u00bb][vc_single_image image=\u00bb3988&#8243; img_size=\u00bbfull\u00bb alignment=\u00bbcenter\u00bb][vc_single_image image=\u00bb3979&#8243; img_size=\u00bbfull\u00bb alignment=\u00bbcenter\u00bb][vc_single_image image=\u00bb4112&#8243; img_size=\u00bbfull\u00bb]<\/div><\/div>\t\t\t<script type=\"text\/javascript\">\n\t\t\t\tjQuery(document).ready(function ($) {\n\t\t\t\t\tif( typeof jQuery('.ult-carousel-1015463386a0484c4276b6').slick == \"function\"){\n\t\t\t\t\t\t$('.ult-carousel-1015463386a0484c4276b6').slick({dots: true,autoplay: true,autoplaySpeed: \"5000\",speed: \"300\",infinite: true,arrows: false,slidesToScroll:1,slidesToShow:1,swipe: true,draggable: true,touchMove: true,pauseOnHover: true,pauseOnFocus: false,responsive: [\n\t\t\t\t\t\t\t{\n\t\t\t\t\t\t\t  breakpoint: 1026,\n\t\t\t\t\t\t\t  settings: {\n\t\t\t\t\t\t\t\tslidesToShow: 1,\n\t\t\t\t\t\t\t\tslidesToScroll: 1,  \n\t\t\t\t\t\t\t  }\n\t\t\t\t\t\t\t},\n\t\t\t\t\t\t\t{\n\t\t\t\t\t\t\t  breakpoint: 1025,\n\t\t\t\t\t\t\t  settings: {\n\t\t\t\t\t\t\t\tslidesToShow: 1,\n\t\t\t\t\t\t\t\tslidesToScroll: 1\n\t\t\t\t\t\t\t  }\n\t\t\t\t\t\t\t},\n\t\t\t\t\t\t\t{\n\t\t\t\t\t\t\t  breakpoint: 760,\n\t\t\t\t\t\t\t  settings: {\n\t\t\t\t\t\t\t\tslidesToShow: 1,\n\t\t\t\t\t\t\t\tslidesToScroll: 1\n\t\t\t\t\t\t\t  }\n\t\t\t\t\t\t\t}\n\t\t\t\t\t\t],pauseOnDotsHover: true,customPaging: function(slider, i) {\n                   return '<i type=\"button\" style= \"color:#5a2f79;\" class=\"ultsl-checkbox-partial\" data-role=\"none\"><\/i>';\n                },});\n\t\t\t\t\t}\n\t\t\t\t});\n\t\t\t<\/script>\n\t\t\t[\/vc_column_inner][\/vc_row_inner][\/vc_column][vc_column width=\u00bb1\/3&#8243;][vc_wp_custommenu nav_menu=\u00bb18&#8243;][\/vc_column][\/vc_row][vc_row full_width=\u00bbstretch_row\u00bb css=\u00bb.vc_custom_1579489339146{padding-top: 20px !important;padding-bottom: 20px !important;background-color: #f7f4f1 !important;}\u00bb][vc_column][vc_row_inner equal_height=\u00bbyes\u00bb][vc_column_inner width=\u00bb1\/3&#8243;][vc_column_text]\u2713 F\u00e1cil de instalar[\/vc_column_text][vc_column_text]\u2713 F\u00e1cil de adaptar a las reformas<br \/>\n[\/vc_column_text][\/vc_column_inner][vc_column_inner width=\u00bb1\/3&#8243;][vc_column_text]\u2713 F\u00e1cil de limpiar<br \/>\n[\/vc_column_text][vc_column_text]\u2713 Hecho en acero inoxidable 304[\/vc_column_text][\/vc_column_inner][vc_column_inner width=\u00bb1\/3&#8243;][vc_single_image image=\u00bb2074&#8243; img_size=\u00bbfull\u00bb][\/vc_column_inner][\/vc_row_inner][\/vc_column][\/vc_row][vc_row css=\u00bb.vc_custom_1579486636803{margin-top: 10px !important;}\u00bb][vc_column][vc_custom_heading text=\u00bbM\u00e1s informaciones sobre el producto\u00bb font_container=\u00bbtag:div|font_size:24px|text_align:left|color:%236b6661|line_height:30px\u00bb use_theme_fonts=\u00bbyes\u00bb][vc_separator color=\u00bbcustom\u00bb border_width=\u00bb3&#8243; css=\u00bb.vc_custom_1579486629306{margin-top: 20px !important;}\u00bb accent_color=\u00bb#f6f4f1&#8243;][\/vc_column][\/vc_row][vc_row full_width=\u00bbstretch_row\u00bb gap=\u00bb10&#8243; equal_height=\u00bbyes\u00bb css=\u00bb.vc_custom_1579487571993{margin-right: 1px !important;margin-left: 1px !important;}\u00bb][vc_column width=\u00bb1\/3&#8243; css=\u00bb.vc_custom_1579486966526{border-top-width: 1px !important;border-right-width: 1px !important;border-bottom-width: 1px !important;border-left-width: 1px !important;border-left-color: #dbd9d7 !important;border-left-style: solid !important;border-right-color: #dbd9d7 !important;border-right-style: solid !important;border-top-color: #dbd9d7 !important;border-top-style: solid !important;border-bottom-color: #dbd9d7 !important;border-bottom-style: solid !important;}\u00bb][vc_custom_heading text=\u00bbAcabados\u00bb font_container=\u00bbtag:div|font_size:20px|text_align:left|color:%235a2f79|line_height:24px\u00bb use_theme_fonts=\u00bbyes\u00bb css=\u00bb.vc_custom_1709731045831{padding-bottom: 20px !important;}\u00bb][vc_column_text]\u2713 Black Matte[\/vc_column_text][vc_column_text]\u2713 Inoxidable[\/vc_column_text][\/vc_column][vc_column width=\u00bb1\/3&#8243; css=\u00bb.vc_custom_1579487156384{border-top-width: 1px !important;border-right-width: 1px !important;border-bottom-width: 1px !important;border-left-width: 1px !important;border-left-color: #dbd9d7 !important;border-left-style: solid !important;border-right-color: #dbd9d7 !important;border-right-style: solid !important;border-top-color: #dbd9d7 !important;border-top-style: solid !important;border-bottom-color: #dbd9d7 !important;border-bottom-style: solid !important;}\u00bb][vc_custom_heading text=\u00bbDimensiones\u00bb font_container=\u00bbtag:div|font_size:20px|text_align:left|color:%235a2f79|line_height:24px\u00bb use_theme_fonts=\u00bbyes\u00bb css=\u00bb.vc_custom_1709731065785{padding-bottom: 20px !important;}\u00bb][vc_column_text]\u2713 Altura: 300 mm<br \/>\n\u2713 Longitud: 300 mm ou 600 mm<br \/>\n\u2713 Profundidad: 83 mm[\/vc_column_text][\/vc_column][vc_column width=\u00bb1\/3&#8243; css=\u00bb.vc_custom_1579487160868{border-top-width: 1px !important;border-right-width: 1px !important;border-bottom-width: 1px !important;border-left-width: 1px !important;border-left-color: #dbd9d7 !important;border-left-style: solid !important;border-right-color: #dbd9d7 !important;border-right-style: solid !important;border-top-color: #dbd9d7 !important;border-top-style: solid !important;border-bottom-color: #dbd9d7 !important;border-bottom-style: solid !important;}\u00bb][vc_custom_heading text=\u00bbSugerencias de uso\u00bb font_container=\u00bbtag:div|font_size:20px|text_align:left|color:%235a2f79|line_height:24px\u00bb use_theme_fonts=\u00bbyes\u00bb css=\u00bb.vc_custom_1709731104961{padding-bottom: 20px !important;}\u00bb][vc_column_text]\u2713 Cuartos de ba\u00f1o[\/vc_column_text][\/vc_column][\/vc_row][vc_row full_width=\u00bbstretch_row\u00bb disable_element=\u00bbyes\u00bb css=\u00bb.vc_custom_1709671468881{margin-top: 30px !important;}\u00bb][vc_column width=\u00bb1\/2&#8243;][vc_custom_heading text=\u00bbAcess\u00f3rios que acompanham o produto:\u00bb font_container=\u00bbtag:div|font_size:24px|text_align:left|color:%236b6661|line_height:30px\u00bb use_theme_fonts=\u00bbyes\u00bb][vc_separator color=\u00bbcustom\u00bb border_width=\u00bb3&#8243; css=\u00bb.vc_custom_1579486629306{margin-top: 20px !important;}\u00bb accent_color=\u00bb#f6f4f1&#8243;][\/vc_column][vc_column width=\u00bb1\/2&#8243;][vc_custom_heading text=\u00bbAcess\u00f3rios compat\u00edveis:\u00bb font_container=\u00bbtag:div|font_size:24px|text_align:left|color:%236b6661|line_height:30px\u00bb use_theme_fonts=\u00bbyes\u00bb][vc_separator color=\u00bbcustom\u00bb border_width=\u00bb3&#8243; css=\u00bb.vc_custom_1579486629306{margin-top: 20px !important;}\u00bb accent_color=\u00bb#f6f4f1&#8243;][\/vc_column][\/vc_row][vc_row full_width=\u00bbstretch_row\u00bb gap=\u00bb10&#8243; equal_height=\u00bbyes\u00bb disable_element=\u00bbyes\u00bb css=\u00bb.vc_custom_1709671479797{margin-right: 1px !important;margin-left: 1px !important;}\u00bb][vc_column width=\u00bb1\/2&#8243; css=\u00bb.vc_custom_1579486728847{border-top-width: 1px !important;border-right-width: 1px !important;border-bottom-width: 1px !important;border-left-width: 1px !important;border-left-color: #dbd9d7 !important;border-left-style: solid !important;border-right-color: #dbd9d7 !important;border-right-style: solid !important;border-top-color: #dbd9d7 !important;border-top-style: solid !important;border-bottom-color: #dbd9d7 !important;border-bottom-style: solid !important;}\u00bb][vc_custom_heading text=\u00bbFECHA RALO\u00bb font_container=\u00bbtag:p|font_size:18px|text_align:left|color:%235a2f79|line_height:20px\u00bb google_fonts=\u00bbfont_family:Open%20Sans%3A300%2C300italic%2Cregular%2Citalic%2C600%2C600italic%2C700%2C700italic%2C800%2C800italic|font_style:700%20bold%20regular%3A700%3Anormal\u00bb css=\u00bb.vc_custom_1580302701190{margin-bottom: 0px !important;padding-bottom: 0px !important;}\u00bb][vc_row_inner gap=\u00bb10&#8243; css=\u00bb.vc_custom_1580302707370{margin-top: 0px !important;}\u00bb][vc_column_inner width=\u00bb1\/3&#8243; css=\u00bb.vc_custom_1580302381253{border-right-width: 0px !important;padding-right: 20px !important;}\u00bb][vc_single_image image=\u00bb2037&#8243; img_size=\u00bbfull\u00bb alignment=\u00bbcenter\u00bb][\/vc_column_inner][vc_column_inner width=\u00bb2\/3&#8243;][vc_column_text]V\u00e1lvula que abre somente para a passagem de \u00e1gua e fecha automaticamente assim que o escoamento termina. O sistema impede o retorno de pragas como ratos, baratas, escorpi\u00f5es e mosquitos atrav\u00e9s da tubula\u00e7\u00e3o.<\/p>\n<p>Licenciado pelo Grupo Linear\u00ae[\/vc_column_text][\/vc_column_inner][\/vc_row_inner][vc_empty_space height=\u00bb30px\u00bb][vc_custom_heading text=\u00bbGRADE RETENTORA\u00bb font_container=\u00bbtag:p|font_size:18px|text_align:left|color:%235a2f79|line_height:20px\u00bb google_fonts=\u00bbfont_family:Open%20Sans%3A300%2C300italic%2Cregular%2Citalic%2C600%2C600italic%2C700%2C700italic%2C800%2C800italic|font_style:700%20bold%20regular%3A700%3Anormal\u00bb css=\u00bb.vc_custom_1580302735162{margin-bottom: 0px !important;padding-bottom: 0px !important;}\u00bb][vc_row_inner gap=\u00bb10&#8243; css=\u00bb.vc_custom_1580302748352{margin-top: 0px !important;}\u00bb][vc_column_inner width=\u00bb1\/3&#8243; css=\u00bb.vc_custom_1580302390790{border-right-width: 0px !important;padding-right: 20px !important;}\u00bb][vc_single_image image=\u00bb2045&#8243; img_size=\u00bbfull\u00bb alignment=\u00bbcenter\u00bb][\/vc_column_inner][vc_column_inner width=\u00bb2\/3&#8243;][vc_column_text]A Grade Retentora previne contra entupimentos, retendo os detritos s\u00f3lidos que seguem com o escoamento da \u00e1gua.<\/p>\n<p>Licenciado pelo Grupo Linear\u00ae.[\/vc_column_text][\/vc_column_inner][\/vc_row_inner][vc_empty_space height=\u00bb30px\u00bb][vc_custom_heading text=\u00bbVENTOSA\u00bb font_container=\u00bbtag:p|font_size:18px|text_align:left|color:%235a2f79|line_height:20px\u00bb google_fonts=\u00bbfont_family:Open%20Sans%3A300%2C300italic%2Cregular%2Citalic%2C600%2C600italic%2C700%2C700italic%2C800%2C800italic|font_style:700%20bold%20regular%3A700%3Anormal\u00bb css=\u00bb.vc_custom_1580302767932{margin-bottom: 0px !important;padding-bottom: 0px !important;}\u00bb][vc_row_inner gap=\u00bb10&#8243; css=\u00bb.vc_custom_1580302774434{margin-top: 0px !important;}\u00bb][vc_column_inner width=\u00bb1\/3&#8243; css=\u00bb.vc_custom_1580302401270{border-right-width: 0px !important;padding-right: 20px !important;}\u00bb][vc_single_image image=\u00bb2047&#8243; img_size=\u00bbfull\u00bb alignment=\u00bbcenter\u00bb][\/vc_column_inner][vc_column_inner width=\u00bb2\/3&#8243;][vc_column_text]Acess\u00f3rio que facilita a remo\u00e7\u00e3o das tampas durante o procedimento de limpeza das bases.[\/vc_column_text][\/vc_column_inner][\/vc_row_inner][vc_empty_space height=\u00bb30px\u00bb][\/vc_column][vc_column width=\u00bb1\/2&#8243; css=\u00bb.vc_custom_1579487245558{border-top-width: 1px !important;border-right-width: 1px !important;border-bottom-width: 1px !important;border-left-width: 1px !important;border-left-color: #dbd9d7 !important;border-left-style: solid !important;border-right-color: #dbd9d7 !important;border-right-style: solid !important;border-top-color: #dbd9d7 !important;border-top-style: solid !important;border-bottom-color: #dbd9d7 !important;border-bottom-style: solid !important;}\u00bb][vc_custom_heading text=\u00bbSIF\u00c3O GRUPO LINEAR\u00bb font_container=\u00bbtag:p|font_size:18px|text_align:left|color:%235a2f79|line_height:20px\u00bb google_fonts=\u00bbfont_family:Open%20Sans%3A300%2C300italic%2Cregular%2Citalic%2C600%2C600italic%2C700%2C700italic%2C800%2C800italic|font_style:700%20bold%20regular%3A700%3Anormal\u00bb css=\u00bb.vc_custom_1586526502065{margin-bottom: 0px !important;padding-bottom: 0px !important;}\u00bb][vc_row_inner gap=\u00bb10&#8243; css=\u00bb.vc_custom_1580302852218{margin-top: 0px !important;}\u00bb][vc_column_inner width=\u00bb1\/4&#8243; css=\u00bb.vc_custom_1580302412138{border-right-width: 0px !important;padding-right: 20px !important;}\u00bb][vc_single_image image=\u00bb2594&#8243; img_size=\u00bbfull\u00bb alignment=\u00bbcenter\u00bb][\/vc_column_inner][vc_column_inner width=\u00bb3\/4&#8243;][vc_column_text]<strong>[NOVO]<\/strong>\u00a0O Sif\u00e3o Grupo Linear pode ser utilizado em qualquer ralo linear com sa\u00edda de 50mm. Instalado na sa\u00edda do ralo, elimina o retorno dos gases da tubula\u00e7\u00e3o e consequentemente o mau cheiro.<\/p>\n<p>Licenciado pelo Grupo Linear\u00ae.[\/vc_column_text][\/vc_column_inner][\/vc_row_inner][vc_empty_space height=\u00bb30px\u00bb][vc_custom_heading text=\u00bbBOLSA ACOPL\u00c1VEL\u00bb font_container=\u00bbtag:p|font_size:18px|text_align:left|color:%235a2f79|line_height:20px\u00bb google_fonts=\u00bbfont_family:Open%20Sans%3A300%2C300italic%2Cregular%2Citalic%2C600%2C600italic%2C700%2C700italic%2C800%2C800italic|font_style:700%20bold%20regular%3A700%3Anormal\u00bb css=\u00bb.vc_custom_1580855036037{margin-bottom: 0px !important;padding-bottom: 0px !important;}\u00bb][vc_row_inner gap=\u00bb10&#8243; css=\u00bb.vc_custom_1580302852218{margin-top: 0px !important;}\u00bb][vc_column_inner width=\u00bb1\/4&#8243; css=\u00bb.vc_custom_1580302412138{border-right-width: 0px !important;padding-right: 20px !important;}\u00bb][vc_single_image image=\u00bb2053&#8243; img_size=\u00bbfull\u00bb alignment=\u00bbcenter\u00bb][\/vc_column_inner][vc_column_inner width=\u00bb3\/4&#8243;][vc_column_text]Posicionada em meio ao contrapiso, a Bolsa Acopl\u00e1vel \u00e9 utilizada para acoplar \u00e0 caixa sifonada.<\/p>\n<p>Licenciado pelo Grupo Linear\u00ae.[\/vc_column_text][\/vc_column_inner][\/vc_row_inner][vc_empty_space height=\u00bb30px\u00bb][vc_custom_heading text=\u00bbBUCHA DE REDU\u00c7\u00c3O\u00bb font_container=\u00bbtag:p|font_size:18px|text_align:left|color:%235a2f79|line_height:20px\u00bb google_fonts=\u00bbfont_family:Open%20Sans%3A300%2C300italic%2Cregular%2Citalic%2C600%2C600italic%2C700%2C700italic%2C800%2C800italic|font_style:700%20bold%20regular%3A700%3Anormal\u00bb css=\u00bb.vc_custom_1580302883422{margin-bottom: 0px !important;padding-bottom: 0px !important;}\u00bb][vc_row_inner gap=\u00bb10&#8243; css=\u00bb.vc_custom_1580302889811{margin-top: 0px !important;}\u00bb][vc_column_inner width=\u00bb1\/3&#8243; css=\u00bb.vc_custom_1580302428192{border-right-width: 0px !important;padding-right: 20px !important;}\u00bb][vc_single_image image=\u00bb2055&#8243; img_size=\u00bbfull\u00bb alignment=\u00bbcenter\u00bb][\/vc_column_inner][vc_column_inner width=\u00bb2\/3&#8243;][vc_column_text]Os diversos modelos de ralos do Grupo Linear possuem o padr\u00e3o de sa\u00edda com di\u00e2metro de 50mm, e a Bucha de Redu\u00e7\u00e3o oferece o perfeito ajuste para conex\u00f5es nos acessos laterais das caixas sifonadas.<\/p>\n<p>Licenciado pelo Grupo Linear\u00ae.[\/vc_column_text][\/vc_column_inner][\/vc_row_inner][vc_empty_space height=\u00bb30px\u00bb][vc_custom_heading text=\u00bbSAIBA MAIS SOBRE OS ACESS\u00d3RIOS NOVII:\u00bb font_container=\u00bbtag:p|font_size:18px|text_align:left|color:%235a2f79|line_height:20px\u00bb google_fonts=\u00bbfont_family:Open%20Sans%3A300%2C300italic%2Cregular%2Citalic%2C600%2C600italic%2C700%2C700italic%2C800%2C800italic|font_style:700%20bold%20regular%3A700%3Anormal\u00bb css=\u00bb.vc_custom_1580302911546{margin-bottom: 0px !important;padding-bottom: 0px !important;}\u00bb][vc_row_inner gap=\u00bb10&#8243; css=\u00bb.vc_custom_1580302915837{margin-top: 0px !important;}\u00bb][vc_column_inner css=\u00bb.vc_custom_1579488688401{padding-right: 20px !important;}\u00bb][vc_single_image image=\u00bb2057&#8243; img_size=\u00bbfull\u00bb onclick=\u00bbcustom_link\u00bb img_link_target=\u00bb_blank\u00bb link=\u00bbhttps:\/\/www.novii.ind.br\u00bb][\/vc_column_inner][\/vc_row_inner][\/vc_column][\/vc_row]<\/p>\n<\/div>","protected":false},"excerpt":{"rendered":"<p>[vc_row full_width=\u00bbstretch_row_content_no_spaces\u00bb][vc_column][vc_single_image image=\u00bb3877&#8243; img_size=\u00bbfull\u00bb alignment=\u00bbcenter\u00bb][\/vc_column][\/vc_row][vc_row css=\u00bb.vc_custom_1579484253588{margin-top: 30px !important;}\u00bb][vc_column width=\u00bb1\/3&#8243;][vc_single_image image=\u00bb3902&#8243; img_size=\u00bbfull\u00bb][\/vc_column][vc_column width=\u00bb1\/3&#8243;][vc_custom_heading text=\u00bbElegancia que a\u00f1ade valor al ambiente\u00bb font_container=\u00bbtag:div|font_size:24px|text_align:right|color:%236b6661|line_height:30px\u00bb use_theme_fonts=\u00bbyes\u00bb][\/vc_column][vc_column width=\u00bb1\/3&#8243;][\/vc_column][\/vc_row][vc_row][vc_column width=\u00bb2\/3&#8243;][vc_separator color=\u00bbcustom\u00bb border_width=\u00bb3&#8243; accent_color=\u00bb#f6f4f1&#8243;][vc_row_inner][vc_column_inner width=\u00bb1\/4&#8243;][vc_column_text]Pr\u00e1ctico e indispensable para organizar ambientes, como los cuartos de ba\u00f1o.[\/vc_column_text][vc_single_image image=\u00bb1933&#8243; img_size=\u00bbfull\u00bb][vc_btn title=\u00bbEntre en Contacto\u00bb style=\u00bbcustom\u00bb custom_background=\u00bb#5a2f79&#8243; custom_text=\u00bb#ffffff\u00bb shape=\u00bbsquare\u00bb align=\u00bbleft\u00bb link=\u00bburl:%2Fcontato|||\u00bb][\/vc_column_inner][vc_column_inner width=\u00bb3\/4&#8243;][\/vc_column_inner][\/vc_row_inner][\/vc_column][vc_column width=\u00bb1\/3&#8243;][vc_wp_custommenu nav_menu=\u00bb18&#8243;][\/vc_column][\/vc_row][vc_row full_width=\u00bbstretch_row\u00bb css=\u00bb.vc_custom_1579489339146{padding-top: 20px !important;padding-bottom: 20px&hellip;<\/p>\n","protected":false},"author":1,"featured_media":0,"parent":0,"menu_order":0,"comment_status":"closed","ping_status":"closed","template":"template-microsite.php","meta":{"footnotes":""},"class_list":["post-3997","page","type-page","status-publish","hentry","description-off"],"_links":{"self":[{"href":"https:\/\/www.elleve.ind.br\/es\/wp-json\/wp\/v2\/pages\/3997","targetHints":{"allow":["GET"]}}],"collection":[{"href":"https:\/\/www.elleve.ind.br\/es\/wp-json\/wp\/v2\/pages"}],"about":[{"href":"https:\/\/www.elleve.ind.br\/es\/wp-json\/wp\/v2\/types\/page"}],"author":[{"embeddable":true,"href":"https:\/\/www.elleve.ind.br\/es\/wp-json\/wp\/v2\/users\/1"}],"replies":[{"embeddable":true,"href":"https:\/\/www.elleve.ind.br\/es\/wp-json\/wp\/v2\/comments?post=3997"}],"version-history":[{"count":5,"href":"https:\/\/www.elleve.ind.br\/es\/wp-json\/wp\/v2\/pages\/3997\/revisions"}],"predecessor-version":[{"id":4524,"href":"https:\/\/www.elleve.ind.br\/es\/wp-json\/wp\/v2\/pages\/3997\/revisions\/4524"}],"wp:attachment":[{"href":"https:\/\/www.elleve.ind.br\/es\/wp-json\/wp\/v2\/media?parent=3997"}],"curies":[{"name":"wp","href":"https:\/\/api.w.org\/{rel}","templated":true}]}}